{"id":251,"date":"2022-07-30T16:07:41","date_gmt":"2022-07-30T14:07:41","guid":{"rendered":"http:\/\/website.mahlzeitendienst-bo.de\/mesmerize\/"},"modified":"2026-01-19T17:07:26","modified_gmt":"2026-01-19T16:07:26","slug":"startseite","status":"publish","type":"page","link":"https:\/\/mahlzeitendienst-bo.de\/mahlzeitendienst\/","title":{"rendered":"Startseite"},"content":{"rendered":"<div  id=\"portfolio-1\" class=\"portfolio-5 content-section content-section-spacing\" style=\"background-color: #ffffff;\" data-label=\"Portfolio\" data-id=\"portfolio--1\" data-export-id=\"portfolio-5\" data-category=\"portfolio\">\n<div  class=\"gridContainer\">\n<div  class=\"row text-center\">\n<div  class=\"section-title-col\" data-type=\"column\">\n<h2  class=\"\" style=\"text-align: center;\"><span  style=\"color: rgb(0, 80, 157); font-weight: 900;\">men\u00fcService in Bochum &amp; Wattenscheid \u2013 \n<\/span><br ><br ><span  style=\"color: rgb(0, 80, 157); font-weight: 900;\">Ihr Mahlzeitendienst mit Herz<\/span> <img  decoding=\"async\" draggable=\"false\" role=\"img\" class=\"emoji\" alt=\"\u2764\ufe0f\" src=\"https:\/\/s.w.org\/images\/core\/emoji\/17.0.2\/svg\/2764.svg\"><span  id=\"_mce_caret\" data-mce-bogus=\"1\" data-mce-type=\"format-caret\"><span  style=\"color: rgb(0, 80, 157);\">\ufeff<\/span><\/span>\n<br ><\/h2>\n<p  class=\"lead\" style=\"text-align: left;\"><span  style=\"font-weight: 700;\">\n<br ><br ><br >T\u00e4glich frische Mahlzeiten direkt zu Ihnen nach Hause\u2013 seit fast 60 Jahren.\n\n<br ><span style=\"font-size: 1.2rem; font-weight: 300;\" >Der Mahlzeitendienst \u201emen\u00fcService\u201c der Familien- und Krankenpflege Bochum ist seit fast 60 Jahren Ihr zuverl\u00e4ssiger Partner f\u00fcr die t\u00e4gliche Versorgung mit frisch gekochten Mahlzeiten. Wir beliefern Seniorinnen und Senioren in Bochum und Wattenscheid, die sich nicht mehr selbst versorgen k\u00f6nnen oder m\u00f6chten \u2013 mit Qualit\u00e4t, Vielfalt und echter F\u00fcrsorge.&nbsp;<\/span><\/span><br ><br >\n<span  style=\"font-weight: 600;\"><span  style=\"font-weight: 700;\">Gro\u00dfe Auswahl f\u00fcr jeden Geschmack \u2013 13 Men\u00fcs t\u00e4glich\n<\/span><\/span><br >\nWir wissen, dass jeder Mensch andere Vorlieben hat. Deshalb bieten wir Ihnen t\u00e4glich die Wahl zwischen 13 verschiedenen Gerichten \u2013 vom klassischen Mittagessen bis zur leichten Mahlzeit f\u00fcr den kleinen Hunger. Alle Speisen werden frisch zubereitet und schmecken wie hausgemacht.\n<br ><br ><br >\n<span  style=\"font-weight: 700;\">Spezielle Ern\u00e4hrungsbed\u00fcrfnisse? Kein Problem!<\/span><br >\nAuf Wunsch erhalten Sie unseren Sonderspeiseplan mit:\n<br >\u2022 &nbsp; &nbsp;Passierten Men\u00fcs bei Kau- und Schluckbeschwerden<br >\n\u2022 &nbsp; &nbsp;Diabetikergerechten Gerichten<br >\n\u2022 &nbsp; &nbsp;Laktosefreien Speisen<br >\n\u2022 &nbsp; &nbsp;Weiteren Sonderkostformen nach Ihrem Bedarf\n<br ><br ><br ><span  style=\"font-weight: 700;\"><b >\nZuverl\u00e4ssige Lieferung \u2013 365 Tage im Jahr\n<\/b><\/span><br >Ihr Essen auf R\u00e4dern kommt t\u00e4glich, an 365 Tagen im Jahr \u2013 auch an Wochenenden und Feiertagen. \n<br >Die Lieferung erfolgt ganz nach Ihrem individuellen Bedarf und zu Ihrer Wunschzeit.<br >\nMehr als nur Mahlzeiten \u2013 wir bieten pers\u00f6nlichen Service mit F\u00fcrsorge.<img decoding=\"async\" draggable=\"false\" role=\"img\" class=\"emoji\" alt=\"\u2764\ufe0f\" src=\"https:\/\/s.w.org\/images\/core\/emoji\/17.0.2\/svg\/2764.svg\" ><br ><br ><br >\n<span  style=\"font-weight: 800;\">Was uns besonders macht\n<br ><span style=\"font-weight: 400;\" ><b ><span style=\"font-weight: 800;\" >Wir<\/span> bringen nicht nur Essen, sondern k\u00fcmmern uns um Sie<\/b>.<\/span><\/span>\n<br >Unsere Auslieferfahrer:innen haben ein offenes Auge f\u00fcr Ihre Bed\u00fcrfnisse.\n<br ><br ><br ><b >\n\u2713 &nbsp; &nbsp;Pers\u00f6nlicher Kontakt bei jeder Lieferung<br >\n\u2713 &nbsp; &nbsp;Aufmerksames Nachfragen nach Ihrem Wohlbefinden<br >\n\u2713 &nbsp; &nbsp;R\u00fcckmeldung an Angeh\u00f6rige oder Pflegedienste, wenn uns etwas auff\u00e4llt<br >\n\u2713 &nbsp; &nbsp;Kleine Extraservices wie das Mitbringen der Zeitung<br >\n\u2713 &nbsp; &nbsp;Zuverl\u00e4ssige Ansprechpartner, die Sie kennen und sch\u00e4tzen\n<\/b><br ><br >\n<span  style=\"font-weight: 800;\">Diese F\u00fcrsorge ist Teil unseres Selbstverst\u00e4ndnisses \u2764\ufe0f denn f\u00fcr uns steht der Mensch im Mittelpunkt.<\/span>\n<br ><br ><br ><b >\nWarum men\u00fcService Bochum?\n<\/b><br ><br ><b >\u2713 &nbsp; &nbsp;Fast 60 Jahre Erfahrung in der Seniorenverpflegung<br >\u2713 &nbsp; &nbsp;13 verschiedene Men\u00fcs t\u00e4glich f\u00fcr maximale Auswahlfreiheit<br >\u2713 &nbsp; &nbsp;Frisch gekocht \u2013 kein Tiefk\u00fchlessen\n<br >\u2713 &nbsp; &nbsp;Frisches Brot, Br\u00f6tchen oder Kuchen im Sortiment<br >\u2713 &nbsp; &nbsp;365 Tage Service \u2013 auch an Feiertagen<br >\u2713 &nbsp; &nbsp;Individuelle Sonderkost m\u00f6glich<br >\u2713 &nbsp; &nbsp;Pers\u00f6nliche Betreuung mit echter F\u00fcrsorge<br >\u2713 &nbsp; &nbsp;Zuverl\u00e4ssige Zustellung in Bochum und Wattenscheid\n<\/b><br ><br ><br >\n<span  style=\"font-weight: 700;\">Jetzt \u00fcberzeugen lassen!\n<\/span><br >\nLassen Sie sich von unserem pers\u00f6nlichen Service und unserer besonders vielf\u00e4ltigen Auswahl \u00fcberzeugen. Wir freuen uns darauf, auch Sie t\u00e4glich mit frischen, leckeren Mahlzeiten zu versorgen \u2013 und das mit der F\u00fcrsorge, die Sie verdienen.\n<br ><br ><br >\n<span  style=\"font-weight: 700;\">Kontaktieren Sie uns f\u00fcr ein unverbindliches Beratungsgespr\u00e4ch!<\/span><br >\n<\/p>\n\n<img  decoding=\"async\" class=\"custom-image\" src=\"http:\/\/mahlzeitendienst-bo.de\/wp-content\/uploads\/2023\/02\/cropped-cropped-FundK_logo_2023_HP-e1768320719148.jpg\" title=\"cropped-cropped-FundK_logo_2023_HP.jpg\" alt=\"\"><\/div>\n<\/div>\n<div  class=\"row space-bottom spaced-cols\" data-type=\"row\">\n<div  class=\"col-xs-12 col-sm-4 text-center\">\n<div  class=\"card no-padding bordered\">\n<div  class=\"contentswap-effect\" data-hover-fx=\"portfolio-6\">\n<div  class=\"initial-image\"><img  decoding=\"async\" src=\"https:\/\/mahlzeitendienst-bo.de\/wp-content\/uploads\/2023\/02\/cropped-cropped-AdobeStock_301986953_Start.jpg\" data-size=\"500x333\"><\/div>\n<div  class=\"overlay bg-color6\"><\/div>\n<div  class=\"swap-inner col-xs-12\">\n<div  class=\"row full-height-row middle-xs middle-sm\">\n<div  class=\"col-xs-12 text-center content-holder\"><a  class=\"button small color2\" href=\"https:\/\/mahlzeitendienst-bo.de\/unsere-menues\" target=\"_self\" rel=\"noopener\" data-cp-link=\"1\" data-icon=\"\">Weiter<\/a><\/div>\n<\/div>\n<\/div>\n<\/div>\n<div  class=\"col-xs-12\">\n<div  class=\"space-bottom space-top\" data-type=\"column\">\n<h5  class=\"\"><span  style=\"font-family: &quot;Open Sans&quot;, arial, helvetica, sans-serif;\">Bochums gr\u00f6\u00dftes Angebot<\/span><\/h5>\n<p  class=\"small italic\"><span  style=\"font-family: &quot;Open Sans&quot;, arial, helvetica, sans-serif;\">Auswahl aus bis zu 13 Men\u00fcs<\/span><\/p>\n\n<\/div>\n<\/div>\n<\/div>\n<\/div>\n<div  class=\"col-xs-12 col-sm-4 text-center\">\n<div  class=\"card no-padding bordered\">\n<div  class=\"contentswap-effect\" data-hover-fx=\"portfolio-6\">\n<div  class=\"initial-image\"><img  decoding=\"async\" src=\"https:\/\/mahlzeitendienst-bo.de\/wp-content\/uploads\/2023\/02\/cropped-AdobeStock_164860829_Start-1.jpg\" data-size=\"500x333\"><\/div>\n<div  class=\"overlay bg-color6\"><\/div>\n<div  class=\"swap-inner col-xs-12\">\n<div  class=\"row full-height-row middle-xs middle-sm\">\n<div  class=\"col-xs-12 text-center content-holder\"><a  class=\"button small color2\" href=\"https:\/\/mahlzeitendienst-bo.de\/zusatzleistungen\" target=\"_self\" rel=\"noopener\" data-cp-link=\"1\" data-icon=\"\">Weiter<\/a><\/div>\n<\/div>\n<\/div>\n<\/div>\n<div  class=\"col-xs-12\">\n<div  class=\"space-bottom space-top\" data-type=\"column\">\n<h5  class=\"\"><span  style=\"font-family: &quot;Open Sans&quot;, arial, helvetica, sans-serif;\">Zusatzleistungen<\/span><\/h5>\n<p  class=\"small italic\"><span  style=\"font-family: &quot;Open Sans&quot;, arial, helvetica, sans-serif;\">Brot, Br\u00f6tchen und Kuchen<\/span><\/p>\n\n<\/div>\n<\/div>\n<\/div>\n<\/div>\n<div  class=\"col-xs-12 col-sm-4 text-center\">\n<div  class=\"card no-padding bordered\">\n<div  class=\"contentswap-effect\" data-hover-fx=\"portfolio-6\">\n<div  class=\"initial-image\"><img  decoding=\"async\" src=\"https:\/\/mahlzeitendienst-bo.de\/wp-content\/uploads\/2023\/02\/cropped-AdobeStock_82755907_Start.jpg\" data-size=\"500x333\"><\/div>\n<div  class=\"overlay bg-color6\"><\/div>\n<div  class=\"swap-inner col-xs-12\">\n<div  class=\"row full-height-row middle-xs middle-sm\">\n<div  class=\"col-xs-12 text-center content-holder\"><a  class=\"button small color2\" href=\"https:\/\/mahlzeitendienst-bo.de\/vorteile\" target=\"_self\" rel=\"noopener\" data-cp-link=\"1\" data-icon=\"\">Weiter<\/a><\/div>\n<\/div>\n<\/div>\n<\/div>\n<div  class=\"col-xs-12\">\n<div  class=\"space-bottom space-top\" data-type=\"column\">\n<h5  class=\"\"><span  style=\"font-family: Muli, arial, helvetica, sans-serif;\"><span  style=\"font-family: &quot;Open Sans&quot;, arial, helvetica, sans-serif;\">Weitere Vorteile<\/span><\/span><\/h5>\n<p  class=\"small italic\"><span  style=\"font-family: &quot;Open Sans&quot;, arial, helvetica, sans-serif;\">Sehen Sie alle Vorteile in der \u00dcbersicht\n<\/span><\/p>\n\n<\/div>\n<\/div>\n<\/div>\n<\/div>\n<\/div>\n<div  class=\"row\">\n<div  class=\"col-xs-12 text-center\" data-type=\"column\"><\/div>\n<\/div>\n<\/div>\n<\/div>","protected":false},"excerpt":{"rendered":"<p>men\u00fcService in Bochum &amp; Wattenscheid \u2013 Ihr Mahlzeitendienst mit Herz \ufeff T\u00e4glich frische Mahlzeiten direkt zu Ihnen nach Hause\u2013 seit fast 60 Jahren. Der Mahlzeitendienst \u201emen\u00fcService\u201c der Familien- und Krankenpflege Bochum ist seit fast 60 Jahren Ihr zuverl\u00e4ssiger Partner f\u00fcr die t\u00e4gliche Versorgung mit frisch gekochten Mahlzeiten. Wir beliefern Seniorinnen und Senioren in Bochum und&hellip; <br \/> <a class=\"read-more\" href=\"https:\/\/mahlzeitendienst-bo.de\/mahlzeitendienst\/\">Weiterlesen<\/a><\/p>\n","protected":false},"author":1,"featured_media":0,"parent":0,"menu_order":0,"comment_status":"closed","ping_status":"closed","template":"page-templates\/homepage.php","meta":{"footnotes":""},"class_list":["post-251","page","type-page","status-publish","hentry"],"yoast_head":"<!-- This site is optimized with the Yoast SEO plugin v25.5 - https:\/\/yoast.com\/wordpress\/plugins\/seo\/ -->\n<title>Startseite - menueService Bochum - Essen auf R\u00e4dern -<\/title>\n<meta name=\"robots\" content=\"index, follow, max-snippet:-1, max-image-preview:large, max-video-preview:-1\" \/>\n<link rel=\"canonical\" href=\"https:\/\/mahlzeitendienst-bo.de\/mahlzeitendienst\/\" \/>\n<meta property=\"og:locale\" content=\"de_DE\" \/>\n<meta property=\"og:type\" content=\"article\" \/>\n<meta property=\"og:title\" content=\"Startseite - menueService Bochum - Essen auf R\u00e4dern -\" \/>\n<meta property=\"og:description\" content=\"men\u00fcService in Bochum &amp; Wattenscheid \u2013 Ihr Mahlzeitendienst mit Herz \ufeff T\u00e4glich frische Mahlzeiten direkt zu Ihnen nach Hause\u2013 seit fast 60 Jahren. Der Mahlzeitendienst \u201emen\u00fcService\u201c der Familien- und Krankenpflege Bochum ist seit fast 60 Jahren Ihr zuverl\u00e4ssiger Partner f\u00fcr die t\u00e4gliche Versorgung mit frisch gekochten Mahlzeiten. Wir beliefern Seniorinnen und Senioren in Bochum und&hellip; Weiterlesen\" \/>\n<meta property=\"og:url\" content=\"https:\/\/mahlzeitendienst-bo.de\/mahlzeitendienst\/\" \/>\n<meta property=\"og:site_name\" content=\"menueService Bochum - Essen auf R\u00e4dern -\" \/>\n<meta property=\"article:modified_time\" content=\"2026-01-19T16:07:26+00:00\" \/>\n<meta property=\"og:image\" content=\"https:\/\/s.w.org\/images\/core\/emoji\/17.0.2\/svg\/2764.svg\" \/>\n<meta name=\"twitter:card\" content=\"summary_large_image\" \/>\n<meta name=\"twitter:label1\" content=\"Gesch\u00e4tzte Lesezeit\" \/>\n\t<meta name=\"twitter:data1\" content=\"2\u00a0Minuten\" \/>\n<script type=\"application\/ld+json\" class=\"yoast-schema-graph\">{\"@context\":\"https:\/\/schema.org\",\"@graph\":[{\"@type\":\"WebPage\",\"@id\":\"https:\/\/mahlzeitendienst-bo.de\/mahlzeitendienst\/\",\"url\":\"https:\/\/mahlzeitendienst-bo.de\/mahlzeitendienst\/\",\"name\":\"Startseite - menueService Bochum - Essen auf R\u00e4dern -\",\"isPartOf\":{\"@id\":\"https:\/\/mahlzeitendienst-bo.de\/mahlzeitendienst\/#website\"},\"primaryImageOfPage\":{\"@id\":\"https:\/\/mahlzeitendienst-bo.de\/mahlzeitendienst\/#primaryimage\"},\"image\":{\"@id\":\"https:\/\/mahlzeitendienst-bo.de\/mahlzeitendienst\/#primaryimage\"},\"thumbnailUrl\":\"https:\/\/s.w.org\/images\/core\/emoji\/17.0.2\/svg\/2764.svg\",\"datePublished\":\"2022-07-30T14:07:41+00:00\",\"dateModified\":\"2026-01-19T16:07:26+00:00\",\"breadcrumb\":{\"@id\":\"https:\/\/mahlzeitendienst-bo.de\/mahlzeitendienst\/#breadcrumb\"},\"inLanguage\":\"de\",\"potentialAction\":[{\"@type\":\"ReadAction\",\"target\":[\"https:\/\/mahlzeitendienst-bo.de\/mahlzeitendienst\/\"]}]},{\"@type\":\"ImageObject\",\"inLanguage\":\"de\",\"@id\":\"https:\/\/mahlzeitendienst-bo.de\/mahlzeitendienst\/#primaryimage\",\"url\":\"https:\/\/s.w.org\/images\/core\/emoji\/17.0.2\/svg\/2764.svg\",\"contentUrl\":\"https:\/\/s.w.org\/images\/core\/emoji\/17.0.2\/svg\/2764.svg\"},{\"@type\":\"BreadcrumbList\",\"@id\":\"https:\/\/mahlzeitendienst-bo.de\/mahlzeitendienst\/#breadcrumb\",\"itemListElement\":[{\"@type\":\"ListItem\",\"position\":1,\"name\":\"Startseite\",\"item\":\"https:\/\/mahlzeitendienst-bo.de\/mahlzeitendienst\/\"},{\"@type\":\"ListItem\",\"position\":2,\"name\":\"Startseite\"}]},{\"@type\":\"WebSite\",\"@id\":\"https:\/\/mahlzeitendienst-bo.de\/mahlzeitendienst\/#website\",\"url\":\"https:\/\/mahlzeitendienst-bo.de\/mahlzeitendienst\/\",\"name\":\"menueService Bochum - Essen auf R\u00e4dern -\",\"description\":\"\",\"publisher\":{\"@id\":\"https:\/\/mahlzeitendienst-bo.de\/mahlzeitendienst\/#organization\"},\"potentialAction\":[{\"@type\":\"SearchAction\",\"target\":{\"@type\":\"EntryPoint\",\"urlTemplate\":\"https:\/\/mahlzeitendienst-bo.de\/mahlzeitendienst\/?s={search_term_string}\"},\"query-input\":{\"@type\":\"PropertyValueSpecification\",\"valueRequired\":true,\"valueName\":\"search_term_string\"}}],\"inLanguage\":\"de\"},{\"@type\":\"Organization\",\"@id\":\"https:\/\/mahlzeitendienst-bo.de\/mahlzeitendienst\/#organization\",\"name\":\"menueService Bochum - Essen auf R\u00e4dern -\",\"url\":\"https:\/\/mahlzeitendienst-bo.de\/mahlzeitendienst\/\",\"logo\":{\"@type\":\"ImageObject\",\"inLanguage\":\"de\",\"@id\":\"https:\/\/mahlzeitendienst-bo.de\/mahlzeitendienst\/#\/schema\/logo\/image\/\",\"url\":\"https:\/\/mahlzeitendienst-bo.de\/wp-content\/uploads\/2026\/01\/cropped-Website-Logo-EAR-1.png\",\"contentUrl\":\"https:\/\/mahlzeitendienst-bo.de\/wp-content\/uploads\/2026\/01\/cropped-Website-Logo-EAR-1.png\",\"width\":600,\"height\":514,\"caption\":\"menueService Bochum - Essen auf R\u00e4dern -\"},\"image\":{\"@id\":\"https:\/\/mahlzeitendienst-bo.de\/mahlzeitendienst\/#\/schema\/logo\/image\/\"}}]}<\/script>\n<!-- \/ Yoast SEO plugin. -->","yoast_head_json":{"title":"Startseite - menueService Bochum - Essen auf R\u00e4dern -","robots":{"index":"index","follow":"follow","max-snippet":"max-snippet:-1","max-image-preview":"max-image-preview:large","max-video-preview":"max-video-preview:-1"},"canonical":"https:\/\/mahlzeitendienst-bo.de\/mahlzeitendienst\/","og_locale":"de_DE","og_type":"article","og_title":"Startseite - menueService Bochum - Essen auf R\u00e4dern -","og_description":"men\u00fcService in Bochum &amp; Wattenscheid \u2013 Ihr Mahlzeitendienst mit Herz \ufeff T\u00e4glich frische Mahlzeiten direkt zu Ihnen nach Hause\u2013 seit fast 60 Jahren. Der Mahlzeitendienst \u201emen\u00fcService\u201c der Familien- und Krankenpflege Bochum ist seit fast 60 Jahren Ihr zuverl\u00e4ssiger Partner f\u00fcr die t\u00e4gliche Versorgung mit frisch gekochten Mahlzeiten. Wir beliefern Seniorinnen und Senioren in Bochum und&hellip; Weiterlesen","og_url":"https:\/\/mahlzeitendienst-bo.de\/mahlzeitendienst\/","og_site_name":"menueService Bochum - Essen auf R\u00e4dern -","article_modified_time":"2026-01-19T16:07:26+00:00","og_image":[{"url":"https:\/\/s.w.org\/images\/core\/emoji\/17.0.2\/svg\/2764.svg","type":"","width":"","height":""}],"twitter_card":"summary_large_image","twitter_misc":{"Gesch\u00e4tzte Lesezeit":"2\u00a0Minuten"},"schema":{"@context":"https:\/\/schema.org","@graph":[{"@type":"WebPage","@id":"https:\/\/mahlzeitendienst-bo.de\/mahlzeitendienst\/","url":"https:\/\/mahlzeitendienst-bo.de\/mahlzeitendienst\/","name":"Startseite - menueService Bochum - Essen auf R\u00e4dern -","isPartOf":{"@id":"https:\/\/mahlzeitendienst-bo.de\/mahlzeitendienst\/#website"},"primaryImageOfPage":{"@id":"https:\/\/mahlzeitendienst-bo.de\/mahlzeitendienst\/#primaryimage"},"image":{"@id":"https:\/\/mahlzeitendienst-bo.de\/mahlzeitendienst\/#primaryimage"},"thumbnailUrl":"https:\/\/s.w.org\/images\/core\/emoji\/17.0.2\/svg\/2764.svg","datePublished":"2022-07-30T14:07:41+00:00","dateModified":"2026-01-19T16:07:26+00:00","breadcrumb":{"@id":"https:\/\/mahlzeitendienst-bo.de\/mahlzeitendienst\/#breadcrumb"},"inLanguage":"de","potentialAction":[{"@type":"ReadAction","target":["https:\/\/mahlzeitendienst-bo.de\/mahlzeitendienst\/"]}]},{"@type":"ImageObject","inLanguage":"de","@id":"https:\/\/mahlzeitendienst-bo.de\/mahlzeitendienst\/#primaryimage","url":"https:\/\/s.w.org\/images\/core\/emoji\/17.0.2\/svg\/2764.svg","contentUrl":"https:\/\/s.w.org\/images\/core\/emoji\/17.0.2\/svg\/2764.svg"},{"@type":"BreadcrumbList","@id":"https:\/\/mahlzeitendienst-bo.de\/mahlzeitendienst\/#breadcrumb","itemListElement":[{"@type":"ListItem","position":1,"name":"Startseite","item":"https:\/\/mahlzeitendienst-bo.de\/mahlzeitendienst\/"},{"@type":"ListItem","position":2,"name":"Startseite"}]},{"@type":"WebSite","@id":"https:\/\/mahlzeitendienst-bo.de\/mahlzeitendienst\/#website","url":"https:\/\/mahlzeitendienst-bo.de\/mahlzeitendienst\/","name":"menueService Bochum - Essen auf R\u00e4dern -","description":"","publisher":{"@id":"https:\/\/mahlzeitendienst-bo.de\/mahlzeitendienst\/#organization"},"potentialAction":[{"@type":"SearchAction","target":{"@type":"EntryPoint","urlTemplate":"https:\/\/mahlzeitendienst-bo.de\/mahlzeitendienst\/?s={search_term_string}"},"query-input":{"@type":"PropertyValueSpecification","valueRequired":true,"valueName":"search_term_string"}}],"inLanguage":"de"},{"@type":"Organization","@id":"https:\/\/mahlzeitendienst-bo.de\/mahlzeitendienst\/#organization","name":"menueService Bochum - Essen auf R\u00e4dern -","url":"https:\/\/mahlzeitendienst-bo.de\/mahlzeitendienst\/","logo":{"@type":"ImageObject","inLanguage":"de","@id":"https:\/\/mahlzeitendienst-bo.de\/mahlzeitendienst\/#\/schema\/logo\/image\/","url":"https:\/\/mahlzeitendienst-bo.de\/wp-content\/uploads\/2026\/01\/cropped-Website-Logo-EAR-1.png","contentUrl":"https:\/\/mahlzeitendienst-bo.de\/wp-content\/uploads\/2026\/01\/cropped-Website-Logo-EAR-1.png","width":600,"height":514,"caption":"menueService Bochum - Essen auf R\u00e4dern -"},"image":{"@id":"https:\/\/mahlzeitendienst-bo.de\/mahlzeitendienst\/#\/schema\/logo\/image\/"}}]}},"_links":{"self":[{"href":"https:\/\/mahlzeitendienst-bo.de\/mahlzeitendienst\/wp-json\/wp\/v2\/pages\/251","targetHints":{"allow":["GET"]}}],"collection":[{"href":"https:\/\/mahlzeitendienst-bo.de\/mahlzeitendienst\/wp-json\/wp\/v2\/pages"}],"about":[{"href":"https:\/\/mahlzeitendienst-bo.de\/mahlzeitendienst\/wp-json\/wp\/v2\/types\/page"}],"author":[{"embeddable":true,"href":"https:\/\/mahlzeitendienst-bo.de\/mahlzeitendienst\/wp-json\/wp\/v2\/users\/1"}],"replies":[{"embeddable":true,"href":"https:\/\/mahlzeitendienst-bo.de\/mahlzeitendienst\/wp-json\/wp\/v2\/comments?post=251"}],"version-history":[{"count":97,"href":"https:\/\/mahlzeitendienst-bo.de\/mahlzeitendienst\/wp-json\/wp\/v2\/pages\/251\/revisions"}],"predecessor-version":[{"id":1368,"href":"https:\/\/mahlzeitendienst-bo.de\/mahlzeitendienst\/wp-json\/wp\/v2\/pages\/251\/revisions\/1368"}],"wp:attachment":[{"href":"https:\/\/mahlzeitendienst-bo.de\/mahlzeitendienst\/wp-json\/wp\/v2\/media?parent=251"}],"curies":[{"name":"wp","href":"https:\/\/api.w.org\/{rel}","templated":true}]}}