{"id":471,"date":"2022-09-13T17:01:40","date_gmt":"2022-09-13T15:01:40","guid":{"rendered":"http:\/\/website.mahlzeitendienst-bo.de\/?page_id=471"},"modified":"2023-06-30T17:35:35","modified_gmt":"2023-06-30T15:35:35","slug":"kontakt","status":"publish","type":"page","link":"https:\/\/mahlzeitendienst-bo.de\/mahlzeitendienst\/kontakt\/","title":{"rendered":"Kontakt"},"content":{"rendered":"<div  data-label=\"Contact\" data-id=\"contact--1\" data-export-id=\"contact-1\" data-category=\"contact\" class=\"contact-1 content-section content-section-spacing section-title-col-dark-text\" data-parallax-depth=\"20\" id=\"contact-1\" style=\"background-color: rgb(255, 255, 255); background-size: cover; background-position: center top; background-image: none;\" data-section-ov=\"1\"><div  class=\"gridContainer\"> <div  class=\"row text-center\"><div  class=\"section-title-col\" data-type=\"column\"> <h2  class=\"\"><span  style=\"font-family: &quot;Open Sans&quot;, arial, helvetica, sans-serif;\">Kontaktieren Sie uns:<\/span><\/h2> <p  class=\"lead\" style=\"text-align: left;\"><span  style=\"font-family: &quot;Open Sans&quot;, arial, helvetica, sans-serif; font-weight: 400;\">Sie haben eine Frage zu unserem Angebot? Senden Sie uns eine Nachricht \u00fcber das Kontaktformular und wir werden uns schnellstm\u00f6glich mit Ihnen in Verbindung setzen.<\/span><\/p><\/div> <\/div> <div  class=\"row text-center\"> <div  class=\"col-xs-12 col-sm-8 col-sm-offset-2 contact-form-wrapper inline-info\"> <div  class=\"card large-padding\"> <div  class=\"\" data-content-shortcode=\"mesmerize_contact_form shortcode=&quot;contact-form-7 id=&amp;amp;quot;61&amp;amp;quot; title=&amp;amp;quot;Kontaktformular 1&amp;amp;quot;&quot;\" data-editable=\"true\">\n<div class=\"wpcf7 no-js\" id=\"wpcf7-f61-o1\" lang=\"de-DE\" dir=\"ltr\" data-wpcf7-id=\"61\">\n<div class=\"screen-reader-response\"><p role=\"status\" aria-live=\"polite\" aria-atomic=\"true\"><\/p> <ul><\/ul><\/div>\n<form action=\"\/mahlzeitendienst\/wp-json\/wp\/v2\/pages\/471#wpcf7-f61-o1\" method=\"post\" class=\"wpcf7-form init\" aria-label=\"Kontaktformular\" novalidate=\"novalidate\" data-status=\"init\">\n<fieldset class=\"hidden-fields-container\"><input type=\"hidden\" name=\"_wpcf7\" value=\"61\" \/><input type=\"hidden\" name=\"_wpcf7_version\" value=\"6.1\" \/><input type=\"hidden\" name=\"_wpcf7_locale\" value=\"de_DE\" \/><input type=\"hidden\" name=\"_wpcf7_unit_tag\" value=\"wpcf7-f61-o1\" \/><input type=\"hidden\" name=\"_wpcf7_container_post\" value=\"0\" \/><input type=\"hidden\" name=\"_wpcf7_posted_data_hash\" value=\"\" \/>\n<\/fieldset>\n<p><label> Name<br \/>\n<span class=\"wpcf7-form-control-wrap\" data-name=\"your-name\"><input size=\"40\" maxlength=\"400\" class=\"wpcf7-form-control wpcf7-text wpcf7-validates-as-required\" aria-required=\"true\" aria-invalid=\"false\" value=\"\" type=\"text\" name=\"your-name\" \/><\/span> <\/label>\n<\/p>\n<p><label> E-Mail-Adresse<br \/>\n<span class=\"wpcf7-form-control-wrap\" data-name=\"your-email\"><input size=\"40\" maxlength=\"400\" class=\"wpcf7-form-control wpcf7-email wpcf7-validates-as-required wpcf7-text wpcf7-validates-as-email\" aria-required=\"true\" aria-invalid=\"false\" value=\"\" type=\"email\" name=\"your-email\" \/><\/span> <\/label>\n<\/p>\n<p><label> Telefon-Nr.<br \/>\n<span class=\"wpcf7-form-control-wrap\" data-name=\"tel-614\"><input size=\"40\" maxlength=\"400\" class=\"wpcf7-form-control wpcf7-tel wpcf7-validates-as-required wpcf7-text wpcf7-validates-as-tel\" aria-required=\"true\" aria-invalid=\"false\" value=\"\" type=\"tel\" name=\"tel-614\" \/><\/span> <\/label>\n<\/p>\n<p><label> Stra\u00dfe \/ Hausnummer (optional)<br \/>\n<span class=\"wpcf7-form-control-wrap\" data-name=\"strasse\"><input size=\"40\" maxlength=\"400\" class=\"wpcf7-form-control wpcf7-text\" aria-invalid=\"false\" value=\"\" type=\"text\" name=\"strasse\" \/><\/span> <\/label>\n<\/p>\n<p><label> PLZ \/ Ort (optional)<br \/>\n<span class=\"wpcf7-form-control-wrap\" data-name=\"plzort\"><input size=\"40\" maxlength=\"400\" class=\"wpcf7-form-control wpcf7-text\" aria-invalid=\"false\" value=\"\" type=\"text\" name=\"plzort\" \/><\/span> <\/label>\n<\/p>\n<p><label> Betreff<br \/>\n<span class=\"wpcf7-form-control-wrap\" data-name=\"your-subject\"><input size=\"40\" maxlength=\"400\" class=\"wpcf7-form-control wpcf7-text wpcf7-validates-as-required\" aria-required=\"true\" aria-invalid=\"false\" value=\"\" type=\"text\" name=\"your-subject\" \/><\/span> <\/label>\n<\/p>\n<p><label> Nachricht (optional)<br \/>\n<span class=\"wpcf7-form-control-wrap\" data-name=\"your-message\"><textarea cols=\"40\" rows=\"10\" maxlength=\"2000\" class=\"wpcf7-form-control wpcf7-textarea\" aria-invalid=\"false\" name=\"your-message\"><\/textarea><\/span> <\/label>\n<\/p>\n<p><input class=\"wpcf7-form-control wpcf7-submit has-spinner\" type=\"submit\" value=\"Senden\" \/>\n<\/p><div class=\"wpcf7-response-output\" aria-hidden=\"true\"><\/div>\n<\/form>\n<\/div>\n<\/div><\/div> <\/div><\/div> <\/div><\/div><div  data-label=\"Contact\" data-id=\"contact--2\" data-export-id=\"contact-3\" data-category=\"contact\" class=\"contact-3 content-section content-section-spacing content-relative\" id=\"contact-2\" style=\"background-color: rgb(245, 250, 253); background-image: url(&quot;http:\/\/mahlzeitendienst-bo.de\/wp-content\/uploads\/2022\/09\/Paddenbett-1.jpg&quot;); background-size: cover; background-position: center top;\" data-section-ov=\"1\"><div  class=\"gridContainer\"> <div  class=\"row\"><div  class=\"col-xs-12 col-sm-6 col-sm-offset-6 col-md-5 col-md-offset-7 text-center\"> <div  data-type=\"column\" class=\"card large-padding\"><h2  class=\"font-300\"><span  style=\"font-family: &quot;Open Sans&quot;, arial, helvetica, sans-serif;\">So erreichen Sie uns:<\/span><\/h2> <h4  class=\"font-300\"><span  style=\"font-family: &quot;Open Sans&quot;, arial, helvetica, sans-serif;\">Familien- und Krankenpflege\n<\/span><br ><span  style=\"font-family: &quot;Open Sans&quot;, arial, helvetica, sans-serif;\">Bochum gGmbH<\/span><\/h4> <p  class=\"\"><span  style=\"font-family: &quot;Open Sans&quot;, arial, helvetica, sans-serif;\">Paddenbett 13\n<\/span><br ><span  style=\"font-family: &quot;Open Sans&quot;, arial, helvetica, sans-serif;\">44803 Bochum<\/span><\/p> <p  class=\"\"><span  style=\"font-family: &quot;Open Sans&quot;, arial, helvetica, sans-serif;\">Telefon: 0234 \/ 30796-71<\/span><\/p> <p  class=\"\"><span  style=\"font-family: &quot;Open Sans&quot;, arial, helvetica, sans-serif;\">E-Mail: ear@fundk-bochum.de<\/span><\/p> <\/div> <\/div><\/div> <\/div><\/div>","protected":false},"excerpt":{"rendered":"<p>Kontaktieren Sie uns: Sie haben eine Frage zu unserem Angebot? Senden Sie uns eine Nachricht \u00fcber das Kontaktformular und wir werden uns schnellstm\u00f6glich mit Ihnen in Verbindung setzen. So erreichen Sie uns: Familien- und Krankenpflege Bochum gGmbH Paddenbett 13 44803 Bochum Telefon: 0234 \/ 30796-71 E-Mail: ear@fundk-bochum.de<\/p>\n","protected":false},"author":1,"featured_media":0,"parent":0,"menu_order":0,"comment_status":"closed","ping_status":"closed","template":"pro\/page-templates\/full-width-page.php","meta":{"footnotes":""},"class_list":["post-471","page","type-page","status-publish","hentry"],"yoast_head":"<!-- This site is optimized with the Yoast SEO plugin v25.5 - https:\/\/yoast.com\/wordpress\/plugins\/seo\/ -->\n<title>Kontakt - menueService Bochum - Essen auf R\u00e4dern -<\/title>\n<meta name=\"robots\" content=\"index, follow, max-snippet:-1, max-image-preview:large, max-video-preview:-1\" \/>\n<link rel=\"canonical\" href=\"https:\/\/mahlzeitendienst-bo.de\/mahlzeitendienst\/kontakt\/\" \/>\n<meta property=\"og:locale\" content=\"de_DE\" \/>\n<meta property=\"og:type\" content=\"article\" \/>\n<meta property=\"og:title\" content=\"Kontakt - menueService Bochum - Essen auf R\u00e4dern -\" \/>\n<meta property=\"og:description\" content=\"Kontaktieren Sie uns: Sie haben eine Frage zu unserem Angebot? Senden Sie uns eine Nachricht \u00fcber das Kontaktformular und wir werden uns schnellstm\u00f6glich mit Ihnen in Verbindung setzen. So erreichen Sie uns: Familien- und Krankenpflege Bochum gGmbH Paddenbett 13 44803 Bochum Telefon: 0234 \/ 30796-71 E-Mail: ear@fundk-bochum.de\" \/>\n<meta property=\"og:url\" content=\"https:\/\/mahlzeitendienst-bo.de\/mahlzeitendienst\/kontakt\/\" \/>\n<meta property=\"og:site_name\" content=\"menueService Bochum - Essen auf R\u00e4dern -\" \/>\n<meta property=\"article:modified_time\" content=\"2023-06-30T15:35:35+00:00\" \/>\n<meta name=\"twitter:card\" content=\"summary_large_image\" \/>\n<script type=\"application\/ld+json\" class=\"yoast-schema-graph\">{\"@context\":\"https:\/\/schema.org\",\"@graph\":[{\"@type\":\"WebPage\",\"@id\":\"https:\/\/mahlzeitendienst-bo.de\/mahlzeitendienst\/kontakt\/\",\"url\":\"https:\/\/mahlzeitendienst-bo.de\/mahlzeitendienst\/kontakt\/\",\"name\":\"Kontakt - menueService Bochum - Essen auf R\u00e4dern -\",\"isPartOf\":{\"@id\":\"https:\/\/mahlzeitendienst-bo.de\/mahlzeitendienst\/#website\"},\"datePublished\":\"2022-09-13T15:01:40+00:00\",\"dateModified\":\"2023-06-30T15:35:35+00:00\",\"breadcrumb\":{\"@id\":\"https:\/\/mahlzeitendienst-bo.de\/mahlzeitendienst\/kontakt\/#breadcrumb\"},\"inLanguage\":\"de\",\"potentialAction\":[{\"@type\":\"ReadAction\",\"target\":[\"https:\/\/mahlzeitendienst-bo.de\/mahlzeitendienst\/kontakt\/\"]}]},{\"@type\":\"BreadcrumbList\",\"@id\":\"https:\/\/mahlzeitendienst-bo.de\/mahlzeitendienst\/kontakt\/#breadcrumb\",\"itemListElement\":[{\"@type\":\"ListItem\",\"position\":1,\"name\":\"Startseite\",\"item\":\"https:\/\/mahlzeitendienst-bo.de\/mahlzeitendienst\/\"},{\"@type\":\"ListItem\",\"position\":2,\"name\":\"Kontakt\"}]},{\"@type\":\"WebSite\",\"@id\":\"https:\/\/mahlzeitendienst-bo.de\/mahlzeitendienst\/#website\",\"url\":\"https:\/\/mahlzeitendienst-bo.de\/mahlzeitendienst\/\",\"name\":\"menueService Bochum - Essen auf R\u00e4dern -\",\"description\":\"\",\"publisher\":{\"@id\":\"https:\/\/mahlzeitendienst-bo.de\/mahlzeitendienst\/#organization\"},\"potentialAction\":[{\"@type\":\"SearchAction\",\"target\":{\"@type\":\"EntryPoint\",\"urlTemplate\":\"https:\/\/mahlzeitendienst-bo.de\/mahlzeitendienst\/?s={search_term_string}\"},\"query-input\":{\"@type\":\"PropertyValueSpecification\",\"valueRequired\":true,\"valueName\":\"search_term_string\"}}],\"inLanguage\":\"de\"},{\"@type\":\"Organization\",\"@id\":\"https:\/\/mahlzeitendienst-bo.de\/mahlzeitendienst\/#organization\",\"name\":\"menueService Bochum - Essen auf R\u00e4dern -\",\"url\":\"https:\/\/mahlzeitendienst-bo.de\/mahlzeitendienst\/\",\"logo\":{\"@type\":\"ImageObject\",\"inLanguage\":\"de\",\"@id\":\"https:\/\/mahlzeitendienst-bo.de\/mahlzeitendienst\/#\/schema\/logo\/image\/\",\"url\":\"https:\/\/mahlzeitendienst-bo.de\/wp-content\/uploads\/2026\/01\/cropped-Website-Logo-EAR-1.png\",\"contentUrl\":\"https:\/\/mahlzeitendienst-bo.de\/wp-content\/uploads\/2026\/01\/cropped-Website-Logo-EAR-1.png\",\"width\":600,\"height\":514,\"caption\":\"menueService Bochum - Essen auf R\u00e4dern -\"},\"image\":{\"@id\":\"https:\/\/mahlzeitendienst-bo.de\/mahlzeitendienst\/#\/schema\/logo\/image\/\"}}]}<\/script>\n<!-- \/ Yoast SEO plugin. -->","yoast_head_json":{"title":"Kontakt - menueService Bochum - Essen auf R\u00e4dern -","robots":{"index":"index","follow":"follow","max-snippet":"max-snippet:-1","max-image-preview":"max-image-preview:large","max-video-preview":"max-video-preview:-1"},"canonical":"https:\/\/mahlzeitendienst-bo.de\/mahlzeitendienst\/kontakt\/","og_locale":"de_DE","og_type":"article","og_title":"Kontakt - menueService Bochum - Essen auf R\u00e4dern -","og_description":"Kontaktieren Sie uns: Sie haben eine Frage zu unserem Angebot? Senden Sie uns eine Nachricht \u00fcber das Kontaktformular und wir werden uns schnellstm\u00f6glich mit Ihnen in Verbindung setzen. So erreichen Sie uns: Familien- und Krankenpflege Bochum gGmbH Paddenbett 13 44803 Bochum Telefon: 0234 \/ 30796-71 E-Mail: ear@fundk-bochum.de","og_url":"https:\/\/mahlzeitendienst-bo.de\/mahlzeitendienst\/kontakt\/","og_site_name":"menueService Bochum - Essen auf R\u00e4dern -","article_modified_time":"2023-06-30T15:35:35+00:00","twitter_card":"summary_large_image","schema":{"@context":"https:\/\/schema.org","@graph":[{"@type":"WebPage","@id":"https:\/\/mahlzeitendienst-bo.de\/mahlzeitendienst\/kontakt\/","url":"https:\/\/mahlzeitendienst-bo.de\/mahlzeitendienst\/kontakt\/","name":"Kontakt - menueService Bochum - Essen auf R\u00e4dern -","isPartOf":{"@id":"https:\/\/mahlzeitendienst-bo.de\/mahlzeitendienst\/#website"},"datePublished":"2022-09-13T15:01:40+00:00","dateModified":"2023-06-30T15:35:35+00:00","breadcrumb":{"@id":"https:\/\/mahlzeitendienst-bo.de\/mahlzeitendienst\/kontakt\/#breadcrumb"},"inLanguage":"de","potentialAction":[{"@type":"ReadAction","target":["https:\/\/mahlzeitendienst-bo.de\/mahlzeitendienst\/kontakt\/"]}]},{"@type":"BreadcrumbList","@id":"https:\/\/mahlzeitendienst-bo.de\/mahlzeitendienst\/kontakt\/#breadcrumb","itemListElement":[{"@type":"ListItem","position":1,"name":"Startseite","item":"https:\/\/mahlzeitendienst-bo.de\/mahlzeitendienst\/"},{"@type":"ListItem","position":2,"name":"Kontakt"}]},{"@type":"WebSite","@id":"https:\/\/mahlzeitendienst-bo.de\/mahlzeitendienst\/#website","url":"https:\/\/mahlzeitendienst-bo.de\/mahlzeitendienst\/","name":"menueService Bochum - Essen auf R\u00e4dern -","description":"","publisher":{"@id":"https:\/\/mahlzeitendienst-bo.de\/mahlzeitendienst\/#organization"},"potentialAction":[{"@type":"SearchAction","target":{"@type":"EntryPoint","urlTemplate":"https:\/\/mahlzeitendienst-bo.de\/mahlzeitendienst\/?s={search_term_string}"},"query-input":{"@type":"PropertyValueSpecification","valueRequired":true,"valueName":"search_term_string"}}],"inLanguage":"de"},{"@type":"Organization","@id":"https:\/\/mahlzeitendienst-bo.de\/mahlzeitendienst\/#organization","name":"menueService Bochum - Essen auf R\u00e4dern -","url":"https:\/\/mahlzeitendienst-bo.de\/mahlzeitendienst\/","logo":{"@type":"ImageObject","inLanguage":"de","@id":"https:\/\/mahlzeitendienst-bo.de\/mahlzeitendienst\/#\/schema\/logo\/image\/","url":"https:\/\/mahlzeitendienst-bo.de\/wp-content\/uploads\/2026\/01\/cropped-Website-Logo-EAR-1.png","contentUrl":"https:\/\/mahlzeitendienst-bo.de\/wp-content\/uploads\/2026\/01\/cropped-Website-Logo-EAR-1.png","width":600,"height":514,"caption":"menueService Bochum - Essen auf R\u00e4dern -"},"image":{"@id":"https:\/\/mahlzeitendienst-bo.de\/mahlzeitendienst\/#\/schema\/logo\/image\/"}}]}},"_links":{"self":[{"href":"https:\/\/mahlzeitendienst-bo.de\/mahlzeitendienst\/wp-json\/wp\/v2\/pages\/471","targetHints":{"allow":["GET"]}}],"collection":[{"href":"https:\/\/mahlzeitendienst-bo.de\/mahlzeitendienst\/wp-json\/wp\/v2\/pages"}],"about":[{"href":"https:\/\/mahlzeitendienst-bo.de\/mahlzeitendienst\/wp-json\/wp\/v2\/types\/page"}],"author":[{"embeddable":true,"href":"https:\/\/mahlzeitendienst-bo.de\/mahlzeitendienst\/wp-json\/wp\/v2\/users\/1"}],"replies":[{"embeddable":true,"href":"https:\/\/mahlzeitendienst-bo.de\/mahlzeitendienst\/wp-json\/wp\/v2\/comments?post=471"}],"version-history":[{"count":7,"href":"https:\/\/mahlzeitendienst-bo.de\/mahlzeitendienst\/wp-json\/wp\/v2\/pages\/471\/revisions"}],"predecessor-version":[{"id":1179,"href":"https:\/\/mahlzeitendienst-bo.de\/mahlzeitendienst\/wp-json\/wp\/v2\/pages\/471\/revisions\/1179"}],"wp:attachment":[{"href":"https:\/\/mahlzeitendienst-bo.de\/mahlzeitendienst\/wp-json\/wp\/v2\/media?parent=471"}],"curies":[{"name":"wp","href":"https:\/\/api.w.org\/{rel}","templated":true}]}}