{"id":481,"date":"2022-09-13T17:12:28","date_gmt":"2022-09-13T15:12:28","guid":{"rendered":"http:\/\/website.mahlzeitendienst-bo.de\/?page_id=481"},"modified":"2024-12-20T14:17:27","modified_gmt":"2024-12-20T13:17:27","slug":"unsere-menues","status":"publish","type":"page","link":"https:\/\/mahlzeitendienst-bo.de\/mahlzeitendienst\/unsere-menues\/","title":{"rendered":"Unsere Men\u00fcs"},"content":{"rendered":"<div  data-label=\"Pricing\" data-id=\"pricing--1\" data-export-id=\"pricing-5\" data-category=\"pricing\" data-featured-class=\"pricing-featured\" class=\"pricing-5 content-section content-section-spacing\" id=\"pricing-1\" style=\"background-color: rgb(255, 255, 255);\"><div  class=\"gridContainer\"> <div  class=\"row\"><div  data-type=\"column\" class=\"section-title-col\"> <h2  class=\"\"><span  style=\"font-family: &quot;Open Sans&quot;, arial, helvetica, sans-serif;\">Men\u00fc-Auswahl:<\/span><\/h2> <p  class=\"lead\"><span  style=\"font-family: &quot;Open Sans&quot;, arial, helvetica, sans-serif; font-weight: 400;\">An Wochenenden und Feiertagen berechnen wir einen Zuschlag von 0,20 \u20ac pro Men\u00fc.<\/span><\/p><\/div> <\/div> <div  data-type=\"row\" class=\"row spaced-cols\"> <div  class=\"col-xs-12 col-sm-4 text-center \"> <div  data-default=\"shadow-small\" data-featured=\"shadow-large\" data-type=\"column\" class=\"card shadow-small\"> <h3  class=\"font-300 upper\"><span  style=\"font-weight: 300; font-family: &quot;Open Sans&quot;, arial, helvetica, sans-serif;\">Mini<\/span><span  id=\"_mce_caret\" data-mce-bogus=\"1\" data-mce-type=\"format-caret\"><span  style=\"font-weight: 300; font-family: &quot;Open Sans&quot;, arial, helvetica, sans-serif;\">\ufeff<\/span><\/span><\/h3> <h3  class=\"h1\"><span  style=\"font-weight: 600; font-family: &quot;Open Sans&quot;, arial, helvetica, sans-serif;\">8,60 \u20ac<\/span><span  id=\"_mce_caret\" data-mce-bogus=\"1\" data-mce-type=\"format-caret\"><span  style=\"font-weight: 600;\">\ufeff<\/span><\/span><\/h3>   <a  data-cp-link=\"1\" href=\"http:\/\/speiseplaene.mahlzeitendienst-bo.de\" class=\"\" target=\"lightbox\" rel=\"noopener\"><img  decoding=\"async\" class=\"custom-image\" src=\"http:\/\/website.mahlzeitendienst-bo.de\/wp-content\/uploads\/2023\/06\/Mini.jpg\" title=\"cropped-1000_F_186534856_ybVi787TbeHxsWMCeAtrct3oZzl3AyRy1.png\" alt=\"\"><\/a><img  decoding=\"async\" class=\"custom-image\" src=\"https:\/\/mahlzeitendienst-bo.de\/wp-content\/uploads\/2023\/06\/Mini.jpg\" title=\"Mini\" alt=\"\"><a  class=\"button small color2\" href=\"https:\/\/speiseplaene.mahlzeitendienst-bo.de\" target=\"lightbox\" data-cp-link=\"1\" data-icon=\"\" rel=\"noopener\">Speiseplan anzeigen<\/a><\/div> <\/div> <div  class=\"col-xs-12 col-sm-4 text-center pricing-featured\"> <div  data-default=\"shadow-small\" data-featured=\"shadow-large\" data-type=\"column\" class=\"card shadow-large\"> <h3  class=\"font-300 upper\"><span  style=\"font-weight: 300; font-family: &quot;Open Sans&quot;, arial, helvetica, sans-serif;\">Normal<\/span><\/h3> <h3  class=\"h1\"><span  style=\"font-weight: 600; font-family: &quot;Open Sans&quot;, arial, helvetica, sans-serif;\">9,55 \u20ac<\/span><\/h3>   <a  data-cp-link=\"1\" href=\"http:\/\/speiseplaene.mahlzeitendienst-bo.de\" class=\"\" target=\"lightbox\" rel=\"noopener\"><img  decoding=\"async\" class=\"custom-image\" src=\"http:\/\/website.mahlzeitendienst-bo.de\/wp-content\/uploads\/2023\/06\/Normal.jpg\" title=\"cropped-cropped-AdobeStock_301986953_Start.jpg\" alt=\"\"><\/a><img  decoding=\"async\" class=\"custom-image\" src=\"https:\/\/mahlzeitendienst-bo.de\/wp-content\/uploads\/2023\/06\/Normal.jpg\" title=\"Normal\" alt=\"\"><a  class=\"button small color2\" href=\"https:\/\/speiseplaene.mahlzeitendienst-bo.de\" target=\"lightbox\" data-cp-link=\"1\" data-icon=\"\" rel=\"noopener\">Speiseplan anzeigen<\/a><\/div> <\/div> <div  class=\"col-xs-12 col-sm-4 text-center\"> <div  data-default=\"shadow-small\" data-featured=\"shadow-large\" data-type=\"column\" class=\"card shadow-small\"> <h3  class=\"font-300 upper\"><span  style=\"font-weight: 300; font-family: &quot;Open Sans&quot;, arial, helvetica, sans-serif;\">Gourmet<\/span><\/h3> <h3  class=\"h1\"><span  style=\"font-weight: 600; font-family: &quot;Open Sans&quot;, arial, helvetica, sans-serif;\">ab 11,40 \u20ac<\/span><\/h3>   <a  data-cp-link=\"1\" href=\"http:\/\/speiseplaene.mahlzeitendienst-bo.de\" class=\"\" target=\"lightbox\" rel=\"noopener\"><img  decoding=\"async\" class=\"custom-image\" src=\"http:\/\/website.mahlzeitendienst-bo.de\/wp-content\/uploads\/2023\/06\/Gourmet.jpg\" title=\"AdobeStock_234668946_Men\u00fc\" alt=\"\"><\/a><img  decoding=\"async\" class=\"custom-image\" src=\"https:\/\/mahlzeitendienst-bo.de\/wp-content\/uploads\/2023\/06\/Gourmet.jpg\" title=\"Gourmet\" alt=\"\"><a  class=\"button small color2\" href=\"https:\/\/speiseplaene.mahlzeitendienst-bo.de\" target=\"lightbox\" data-cp-link=\"1\" data-icon=\"\" rel=\"noopener\">Speiseplan anzeigen<\/a><\/div> <\/div><\/div> <\/div><\/div>","protected":false},"excerpt":{"rendered":"<p>Men\u00fc-Auswahl: An Wochenenden und Feiertagen berechnen wir einen Zuschlag von 0,20 \u20ac pro Men\u00fc. Mini\ufeff 8,60 \u20ac\ufeff Speiseplan anzeigen Normal 9,55 \u20ac Speiseplan anzeigen Gourmet ab 11,40 \u20ac Speiseplan anzeigen<\/p>\n","protected":false},"author":1,"featured_media":0,"parent":0,"menu_order":0,"comment_status":"closed","ping_status":"closed","template":"pro\/page-templates\/full-width-page.php","meta":{"footnotes":""},"class_list":["post-481","page","type-page","status-publish","hentry"],"yoast_head":"<!-- This site is optimized with the Yoast SEO plugin v25.5 - https:\/\/yoast.com\/wordpress\/plugins\/seo\/ -->\n<title>Unsere Men\u00fcs - menueService Bochum - Essen auf R\u00e4dern -<\/title>\n<meta name=\"robots\" content=\"index, follow, max-snippet:-1, max-image-preview:large, max-video-preview:-1\" \/>\n<link rel=\"canonical\" href=\"https:\/\/mahlzeitendienst-bo.de\/mahlzeitendienst\/unsere-menues\/\" \/>\n<meta property=\"og:locale\" content=\"de_DE\" \/>\n<meta property=\"og:type\" content=\"article\" \/>\n<meta property=\"og:title\" content=\"Unsere Men\u00fcs - menueService Bochum - Essen auf R\u00e4dern -\" \/>\n<meta property=\"og:description\" content=\"Men\u00fc-Auswahl: An Wochenenden und Feiertagen berechnen wir einen Zuschlag von 0,20 \u20ac pro Men\u00fc. Mini\ufeff 8,60 \u20ac\ufeff Speiseplan anzeigen Normal 9,55 \u20ac Speiseplan anzeigen Gourmet ab 11,40 \u20ac Speiseplan anzeigen\" \/>\n<meta property=\"og:url\" content=\"https:\/\/mahlzeitendienst-bo.de\/mahlzeitendienst\/unsere-menues\/\" \/>\n<meta property=\"og:site_name\" content=\"menueService Bochum - Essen auf R\u00e4dern -\" \/>\n<meta property=\"article:modified_time\" content=\"2024-12-20T13:17:27+00:00\" \/>\n<meta property=\"og:image\" content=\"http:\/\/website.mahlzeitendienst-bo.de\/wp-content\/uploads\/2023\/06\/Mini.jpg\" \/>\n<meta name=\"twitter:card\" content=\"summary_large_image\" \/>\n<script type=\"application\/ld+json\" class=\"yoast-schema-graph\">{\"@context\":\"https:\/\/schema.org\",\"@graph\":[{\"@type\":\"WebPage\",\"@id\":\"https:\/\/mahlzeitendienst-bo.de\/mahlzeitendienst\/unsere-menues\/\",\"url\":\"https:\/\/mahlzeitendienst-bo.de\/mahlzeitendienst\/unsere-menues\/\",\"name\":\"Unsere Men\u00fcs - menueService Bochum - Essen auf R\u00e4dern -\",\"isPartOf\":{\"@id\":\"https:\/\/mahlzeitendienst-bo.de\/mahlzeitendienst\/#website\"},\"primaryImageOfPage\":{\"@id\":\"https:\/\/mahlzeitendienst-bo.de\/mahlzeitendienst\/unsere-menues\/#primaryimage\"},\"image\":{\"@id\":\"https:\/\/mahlzeitendienst-bo.de\/mahlzeitendienst\/unsere-menues\/#primaryimage\"},\"thumbnailUrl\":\"http:\/\/website.mahlzeitendienst-bo.de\/wp-content\/uploads\/2023\/06\/Mini.jpg\",\"datePublished\":\"2022-09-13T15:12:28+00:00\",\"dateModified\":\"2024-12-20T13:17:27+00:00\",\"breadcrumb\":{\"@id\":\"https:\/\/mahlzeitendienst-bo.de\/mahlzeitendienst\/unsere-menues\/#breadcrumb\"},\"inLanguage\":\"de\",\"potentialAction\":[{\"@type\":\"ReadAction\",\"target\":[\"https:\/\/mahlzeitendienst-bo.de\/mahlzeitendienst\/unsere-menues\/\"]}]},{\"@type\":\"ImageObject\",\"inLanguage\":\"de\",\"@id\":\"https:\/\/mahlzeitendienst-bo.de\/mahlzeitendienst\/unsere-menues\/#primaryimage\",\"url\":\"http:\/\/website.mahlzeitendienst-bo.de\/wp-content\/uploads\/2023\/06\/Mini.jpg\",\"contentUrl\":\"http:\/\/website.mahlzeitendienst-bo.de\/wp-content\/uploads\/2023\/06\/Mini.jpg\"},{\"@type\":\"BreadcrumbList\",\"@id\":\"https:\/\/mahlzeitendienst-bo.de\/mahlzeitendienst\/unsere-menues\/#breadcrumb\",\"itemListElement\":[{\"@type\":\"ListItem\",\"position\":1,\"name\":\"Startseite\",\"item\":\"https:\/\/mahlzeitendienst-bo.de\/mahlzeitendienst\/\"},{\"@type\":\"ListItem\",\"position\":2,\"name\":\"Unsere Men\u00fcs\"}]},{\"@type\":\"WebSite\",\"@id\":\"https:\/\/mahlzeitendienst-bo.de\/mahlzeitendienst\/#website\",\"url\":\"https:\/\/mahlzeitendienst-bo.de\/mahlzeitendienst\/\",\"name\":\"menueService Bochum - Essen auf R\u00e4dern -\",\"description\":\"\",\"publisher\":{\"@id\":\"https:\/\/mahlzeitendienst-bo.de\/mahlzeitendienst\/#organization\"},\"potentialAction\":[{\"@type\":\"SearchAction\",\"target\":{\"@type\":\"EntryPoint\",\"urlTemplate\":\"https:\/\/mahlzeitendienst-bo.de\/mahlzeitendienst\/?s={search_term_string}\"},\"query-input\":{\"@type\":\"PropertyValueSpecification\",\"valueRequired\":true,\"valueName\":\"search_term_string\"}}],\"inLanguage\":\"de\"},{\"@type\":\"Organization\",\"@id\":\"https:\/\/mahlzeitendienst-bo.de\/mahlzeitendienst\/#organization\",\"name\":\"menueService Bochum - Essen auf R\u00e4dern -\",\"url\":\"https:\/\/mahlzeitendienst-bo.de\/mahlzeitendienst\/\",\"logo\":{\"@type\":\"ImageObject\",\"inLanguage\":\"de\",\"@id\":\"https:\/\/mahlzeitendienst-bo.de\/mahlzeitendienst\/#\/schema\/logo\/image\/\",\"url\":\"https:\/\/mahlzeitendienst-bo.de\/wp-content\/uploads\/2026\/01\/cropped-Website-Logo-EAR-1.png\",\"contentUrl\":\"https:\/\/mahlzeitendienst-bo.de\/wp-content\/uploads\/2026\/01\/cropped-Website-Logo-EAR-1.png\",\"width\":600,\"height\":514,\"caption\":\"menueService Bochum - Essen auf R\u00e4dern -\"},\"image\":{\"@id\":\"https:\/\/mahlzeitendienst-bo.de\/mahlzeitendienst\/#\/schema\/logo\/image\/\"}}]}<\/script>\n<!-- \/ Yoast SEO plugin. -->","yoast_head_json":{"title":"Unsere Men\u00fcs - menueService Bochum - Essen auf R\u00e4dern -","robots":{"index":"index","follow":"follow","max-snippet":"max-snippet:-1","max-image-preview":"max-image-preview:large","max-video-preview":"max-video-preview:-1"},"canonical":"https:\/\/mahlzeitendienst-bo.de\/mahlzeitendienst\/unsere-menues\/","og_locale":"de_DE","og_type":"article","og_title":"Unsere Men\u00fcs - menueService Bochum - Essen auf R\u00e4dern -","og_description":"Men\u00fc-Auswahl: An Wochenenden und Feiertagen berechnen wir einen Zuschlag von 0,20 \u20ac pro Men\u00fc. Mini\ufeff 8,60 \u20ac\ufeff Speiseplan anzeigen Normal 9,55 \u20ac Speiseplan anzeigen Gourmet ab 11,40 \u20ac Speiseplan anzeigen","og_url":"https:\/\/mahlzeitendienst-bo.de\/mahlzeitendienst\/unsere-menues\/","og_site_name":"menueService Bochum - Essen auf R\u00e4dern -","article_modified_time":"2024-12-20T13:17:27+00:00","og_image":[{"url":"http:\/\/website.mahlzeitendienst-bo.de\/wp-content\/uploads\/2023\/06\/Mini.jpg","type":"","width":"","height":""}],"twitter_card":"summary_large_image","schema":{"@context":"https:\/\/schema.org","@graph":[{"@type":"WebPage","@id":"https:\/\/mahlzeitendienst-bo.de\/mahlzeitendienst\/unsere-menues\/","url":"https:\/\/mahlzeitendienst-bo.de\/mahlzeitendienst\/unsere-menues\/","name":"Unsere Men\u00fcs - menueService Bochum - Essen auf R\u00e4dern -","isPartOf":{"@id":"https:\/\/mahlzeitendienst-bo.de\/mahlzeitendienst\/#website"},"primaryImageOfPage":{"@id":"https:\/\/mahlzeitendienst-bo.de\/mahlzeitendienst\/unsere-menues\/#primaryimage"},"image":{"@id":"https:\/\/mahlzeitendienst-bo.de\/mahlzeitendienst\/unsere-menues\/#primaryimage"},"thumbnailUrl":"http:\/\/website.mahlzeitendienst-bo.de\/wp-content\/uploads\/2023\/06\/Mini.jpg","datePublished":"2022-09-13T15:12:28+00:00","dateModified":"2024-12-20T13:17:27+00:00","breadcrumb":{"@id":"https:\/\/mahlzeitendienst-bo.de\/mahlzeitendienst\/unsere-menues\/#breadcrumb"},"inLanguage":"de","potentialAction":[{"@type":"ReadAction","target":["https:\/\/mahlzeitendienst-bo.de\/mahlzeitendienst\/unsere-menues\/"]}]},{"@type":"ImageObject","inLanguage":"de","@id":"https:\/\/mahlzeitendienst-bo.de\/mahlzeitendienst\/unsere-menues\/#primaryimage","url":"http:\/\/website.mahlzeitendienst-bo.de\/wp-content\/uploads\/2023\/06\/Mini.jpg","contentUrl":"http:\/\/website.mahlzeitendienst-bo.de\/wp-content\/uploads\/2023\/06\/Mini.jpg"},{"@type":"BreadcrumbList","@id":"https:\/\/mahlzeitendienst-bo.de\/mahlzeitendienst\/unsere-menues\/#breadcrumb","itemListElement":[{"@type":"ListItem","position":1,"name":"Startseite","item":"https:\/\/mahlzeitendienst-bo.de\/mahlzeitendienst\/"},{"@type":"ListItem","position":2,"name":"Unsere Men\u00fcs"}]},{"@type":"WebSite","@id":"https:\/\/mahlzeitendienst-bo.de\/mahlzeitendienst\/#website","url":"https:\/\/mahlzeitendienst-bo.de\/mahlzeitendienst\/","name":"menueService Bochum - Essen auf R\u00e4dern -","description":"","publisher":{"@id":"https:\/\/mahlzeitendienst-bo.de\/mahlzeitendienst\/#organization"},"potentialAction":[{"@type":"SearchAction","target":{"@type":"EntryPoint","urlTemplate":"https:\/\/mahlzeitendienst-bo.de\/mahlzeitendienst\/?s={search_term_string}"},"query-input":{"@type":"PropertyValueSpecification","valueRequired":true,"valueName":"search_term_string"}}],"inLanguage":"de"},{"@type":"Organization","@id":"https:\/\/mahlzeitendienst-bo.de\/mahlzeitendienst\/#organization","name":"menueService Bochum - Essen auf R\u00e4dern -","url":"https:\/\/mahlzeitendienst-bo.de\/mahlzeitendienst\/","logo":{"@type":"ImageObject","inLanguage":"de","@id":"https:\/\/mahlzeitendienst-bo.de\/mahlzeitendienst\/#\/schema\/logo\/image\/","url":"https:\/\/mahlzeitendienst-bo.de\/wp-content\/uploads\/2026\/01\/cropped-Website-Logo-EAR-1.png","contentUrl":"https:\/\/mahlzeitendienst-bo.de\/wp-content\/uploads\/2026\/01\/cropped-Website-Logo-EAR-1.png","width":600,"height":514,"caption":"menueService Bochum - Essen auf R\u00e4dern -"},"image":{"@id":"https:\/\/mahlzeitendienst-bo.de\/mahlzeitendienst\/#\/schema\/logo\/image\/"}}]}},"_links":{"self":[{"href":"https:\/\/mahlzeitendienst-bo.de\/mahlzeitendienst\/wp-json\/wp\/v2\/pages\/481","targetHints":{"allow":["GET"]}}],"collection":[{"href":"https:\/\/mahlzeitendienst-bo.de\/mahlzeitendienst\/wp-json\/wp\/v2\/pages"}],"about":[{"href":"https:\/\/mahlzeitendienst-bo.de\/mahlzeitendienst\/wp-json\/wp\/v2\/types\/page"}],"author":[{"embeddable":true,"href":"https:\/\/mahlzeitendienst-bo.de\/mahlzeitendienst\/wp-json\/wp\/v2\/users\/1"}],"replies":[{"embeddable":true,"href":"https:\/\/mahlzeitendienst-bo.de\/mahlzeitendienst\/wp-json\/wp\/v2\/comments?post=481"}],"version-history":[{"count":39,"href":"https:\/\/mahlzeitendienst-bo.de\/mahlzeitendienst\/wp-json\/wp\/v2\/pages\/481\/revisions"}],"predecessor-version":[{"id":1308,"href":"https:\/\/mahlzeitendienst-bo.de\/mahlzeitendienst\/wp-json\/wp\/v2\/pages\/481\/revisions\/1308"}],"wp:attachment":[{"href":"https:\/\/mahlzeitendienst-bo.de\/mahlzeitendienst\/wp-json\/wp\/v2\/media?parent=481"}],"curies":[{"name":"wp","href":"https:\/\/api.w.org\/{rel}","templated":true}]}}