{"id":511,"date":"2022-09-14T10:29:24","date_gmt":"2022-09-14T08:29:24","guid":{"rendered":"http:\/\/website.mahlzeitendienst-bo.de\/?page_id=511"},"modified":"2023-07-28T15:20:49","modified_gmt":"2023-07-28T13:20:49","slug":"so-funktionierts","status":"publish","type":"page","link":"https:\/\/mahlzeitendienst-bo.de\/mahlzeitendienst\/so-funktionierts\/","title":{"rendered":"So funktioniert&#8217;s"},"content":{"rendered":"<div  data-label=\"Content\" data-id=\"content--1\" data-export-id=\"content-12\" data-category=\"content\" class=\"content-12 content-section content-section-spacing\" id=\"content-1\" style=\"background-color: rgb(255, 255, 255);\"><div  class=\"gridContainer\"> <div  class=\"row text-center\"><div  class=\"section-title-col\" data-type=\"column\">  <p  class=\"lead\" style=\"text-align: justify;\">Entscheiden Sie sich in aller Ruhe f\u00fcr Ihr Wunschmen\u00fc und verschaffen Sie sich einen \u00dcberblick \u00fcber unser reichhaltiges Angebot.\n<br >\n<br >Ihren <span  style=\"font-weight: 700;\">aktuellen Men\u00fcplan<\/span> erhalten Sie per Telefon, bei unserem Men\u00fckurier oder gleich hier online. \n<br >\n<br >Ihre <span  style=\"font-weight: 700;\">Bestellung<\/span> k\u00f6nnen Sie telefonisch (werktags von 08.00 Uhr bis 12.00 Uhr) unter \n<br >0234 -307 96 71, bei Ihrem Men\u00fcfahrer oder direkt in unserer Bestell App (Android und iOS) aufgeben. <span  style=\"font-weight: 700;\">Neukunden oder Kunden, die bisher ihre Zugangsdaten f\u00fcr den Online-Shop noch nicht erhalten, k\u00f6nnen ihre Bestellung \u00fcber das Kontaktformular senden.<\/span><br ><br >\nBitte beachten Sie, dass <span  style=\"font-weight: 700;\">Bestellungen f\u00fcr das Wochenende<\/span> und den darauf folgenden Montag, <span  style=\"font-weight: 700;\">sp\u00e4testens bis Freitag 11.00<\/span> <span  style=\"font-weight: 700;\">Uhr<\/span> bei uns eingegangen sein m\u00fcssen.\n<br ><br >\nF\u00fcr die Tage <span  style=\"font-weight: 700;\">Dienstag bis Freitag<\/span> k\u00f6nnen Sie jeweils noch am <span  style=\"font-weight: 700;\">Vortag bis 12.00 Uhr<\/span> bestellen.\n<br ><br >Ihre <span  style=\"font-weight: 700;\">Rechnung<\/span> erhalten Sie jeweils monatlich. Sie k\u00f6nnen diese bequem per Lastschrifteinzug oder \u00dcberweisung begleichen.<\/p><\/div> <\/div> <div  class=\"row center-xs middle-xs\"> <div  class=\"col-sm-9\" data-type=\"column\"> <\/div> <\/div><\/div> <\/div>","protected":false},"excerpt":{"rendered":"<p>Entscheiden Sie sich in aller Ruhe f\u00fcr Ihr Wunschmen\u00fc und verschaffen Sie sich einen \u00dcberblick \u00fcber unser reichhaltiges Angebot. Ihren aktuellen Men\u00fcplan erhalten Sie per Telefon, bei unserem Men\u00fckurier oder gleich hier online. Ihre Bestellung k\u00f6nnen Sie telefonisch (werktags von 08.00 Uhr bis 12.00 Uhr) unter 0234 -307 96 71, bei Ihrem Men\u00fcfahrer oder direkt&hellip; <br \/> <a class=\"read-more\" href=\"https:\/\/mahlzeitendienst-bo.de\/mahlzeitendienst\/so-funktionierts\/\">Weiterlesen<\/a><\/p>\n","protected":false},"author":1,"featured_media":0,"parent":0,"menu_order":0,"comment_status":"closed","ping_status":"closed","template":"pro\/page-templates\/full-width-page.php","meta":{"footnotes":""},"class_list":["post-511","page","type-page","status-publish","hentry"],"yoast_head":"<!-- This site is optimized with the Yoast SEO plugin v25.5 - https:\/\/yoast.com\/wordpress\/plugins\/seo\/ -->\n<title>So funktioniert&#039;s - menueService Bochum - Essen auf R\u00e4dern -<\/title>\n<meta name=\"robots\" content=\"index, follow, max-snippet:-1, max-image-preview:large, max-video-preview:-1\" \/>\n<link rel=\"canonical\" href=\"https:\/\/mahlzeitendienst-bo.de\/mahlzeitendienst\/so-funktionierts\/\" \/>\n<meta property=\"og:locale\" content=\"de_DE\" \/>\n<meta property=\"og:type\" content=\"article\" \/>\n<meta property=\"og:title\" content=\"So funktioniert&#039;s - menueService Bochum - Essen auf R\u00e4dern -\" \/>\n<meta property=\"og:description\" content=\"Entscheiden Sie sich in aller Ruhe f\u00fcr Ihr Wunschmen\u00fc und verschaffen Sie sich einen \u00dcberblick \u00fcber unser reichhaltiges Angebot. Ihren aktuellen Men\u00fcplan erhalten Sie per Telefon, bei unserem Men\u00fckurier oder gleich hier online. Ihre Bestellung k\u00f6nnen Sie telefonisch (werktags von 08.00 Uhr bis 12.00 Uhr) unter 0234 -307 96 71, bei Ihrem Men\u00fcfahrer oder direkt&hellip; Weiterlesen\" \/>\n<meta property=\"og:url\" content=\"https:\/\/mahlzeitendienst-bo.de\/mahlzeitendienst\/so-funktionierts\/\" \/>\n<meta property=\"og:site_name\" content=\"menueService Bochum - Essen auf R\u00e4dern -\" \/>\n<meta property=\"article:modified_time\" content=\"2023-07-28T13:20:49+00:00\" \/>\n<meta name=\"twitter:card\" content=\"summary_large_image\" \/>\n<meta name=\"twitter:label1\" content=\"Gesch\u00e4tzte Lesezeit\" \/>\n\t<meta name=\"twitter:data1\" content=\"1\u00a0Minute\" \/>\n<script type=\"application\/ld+json\" class=\"yoast-schema-graph\">{\"@context\":\"https:\/\/schema.org\",\"@graph\":[{\"@type\":\"WebPage\",\"@id\":\"https:\/\/mahlzeitendienst-bo.de\/mahlzeitendienst\/so-funktionierts\/\",\"url\":\"https:\/\/mahlzeitendienst-bo.de\/mahlzeitendienst\/so-funktionierts\/\",\"name\":\"So funktioniert's - menueService Bochum - Essen auf R\u00e4dern -\",\"isPartOf\":{\"@id\":\"https:\/\/mahlzeitendienst-bo.de\/mahlzeitendienst\/#website\"},\"datePublished\":\"2022-09-14T08:29:24+00:00\",\"dateModified\":\"2023-07-28T13:20:49+00:00\",\"breadcrumb\":{\"@id\":\"https:\/\/mahlzeitendienst-bo.de\/mahlzeitendienst\/so-funktionierts\/#breadcrumb\"},\"inLanguage\":\"de\",\"potentialAction\":[{\"@type\":\"ReadAction\",\"target\":[\"https:\/\/mahlzeitendienst-bo.de\/mahlzeitendienst\/so-funktionierts\/\"]}]},{\"@type\":\"BreadcrumbList\",\"@id\":\"https:\/\/mahlzeitendienst-bo.de\/mahlzeitendienst\/so-funktionierts\/#breadcrumb\",\"itemListElement\":[{\"@type\":\"ListItem\",\"position\":1,\"name\":\"Startseite\",\"item\":\"https:\/\/mahlzeitendienst-bo.de\/mahlzeitendienst\/\"},{\"@type\":\"ListItem\",\"position\":2,\"name\":\"So funktioniert&#8217;s\"}]},{\"@type\":\"WebSite\",\"@id\":\"https:\/\/mahlzeitendienst-bo.de\/mahlzeitendienst\/#website\",\"url\":\"https:\/\/mahlzeitendienst-bo.de\/mahlzeitendienst\/\",\"name\":\"menueService Bochum - Essen auf R\u00e4dern -\",\"description\":\"\",\"publisher\":{\"@id\":\"https:\/\/mahlzeitendienst-bo.de\/mahlzeitendienst\/#organization\"},\"potentialAction\":[{\"@type\":\"SearchAction\",\"target\":{\"@type\":\"EntryPoint\",\"urlTemplate\":\"https:\/\/mahlzeitendienst-bo.de\/mahlzeitendienst\/?s={search_term_string}\"},\"query-input\":{\"@type\":\"PropertyValueSpecification\",\"valueRequired\":true,\"valueName\":\"search_term_string\"}}],\"inLanguage\":\"de\"},{\"@type\":\"Organization\",\"@id\":\"https:\/\/mahlzeitendienst-bo.de\/mahlzeitendienst\/#organization\",\"name\":\"menueService Bochum - Essen auf R\u00e4dern -\",\"url\":\"https:\/\/mahlzeitendienst-bo.de\/mahlzeitendienst\/\",\"logo\":{\"@type\":\"ImageObject\",\"inLanguage\":\"de\",\"@id\":\"https:\/\/mahlzeitendienst-bo.de\/mahlzeitendienst\/#\/schema\/logo\/image\/\",\"url\":\"https:\/\/mahlzeitendienst-bo.de\/wp-content\/uploads\/2026\/01\/cropped-Website-Logo-EAR-1.png\",\"contentUrl\":\"https:\/\/mahlzeitendienst-bo.de\/wp-content\/uploads\/2026\/01\/cropped-Website-Logo-EAR-1.png\",\"width\":600,\"height\":514,\"caption\":\"menueService Bochum - Essen auf R\u00e4dern -\"},\"image\":{\"@id\":\"https:\/\/mahlzeitendienst-bo.de\/mahlzeitendienst\/#\/schema\/logo\/image\/\"}}]}<\/script>\n<!-- \/ Yoast SEO plugin. -->","yoast_head_json":{"title":"So funktioniert's - menueService Bochum - Essen auf R\u00e4dern -","robots":{"index":"index","follow":"follow","max-snippet":"max-snippet:-1","max-image-preview":"max-image-preview:large","max-video-preview":"max-video-preview:-1"},"canonical":"https:\/\/mahlzeitendienst-bo.de\/mahlzeitendienst\/so-funktionierts\/","og_locale":"de_DE","og_type":"article","og_title":"So funktioniert's - menueService Bochum - Essen auf R\u00e4dern -","og_description":"Entscheiden Sie sich in aller Ruhe f\u00fcr Ihr Wunschmen\u00fc und verschaffen Sie sich einen \u00dcberblick \u00fcber unser reichhaltiges Angebot. Ihren aktuellen Men\u00fcplan erhalten Sie per Telefon, bei unserem Men\u00fckurier oder gleich hier online. Ihre Bestellung k\u00f6nnen Sie telefonisch (werktags von 08.00 Uhr bis 12.00 Uhr) unter 0234 -307 96 71, bei Ihrem Men\u00fcfahrer oder direkt&hellip; Weiterlesen","og_url":"https:\/\/mahlzeitendienst-bo.de\/mahlzeitendienst\/so-funktionierts\/","og_site_name":"menueService Bochum - Essen auf R\u00e4dern -","article_modified_time":"2023-07-28T13:20:49+00:00","twitter_card":"summary_large_image","twitter_misc":{"Gesch\u00e4tzte Lesezeit":"1\u00a0Minute"},"schema":{"@context":"https:\/\/schema.org","@graph":[{"@type":"WebPage","@id":"https:\/\/mahlzeitendienst-bo.de\/mahlzeitendienst\/so-funktionierts\/","url":"https:\/\/mahlzeitendienst-bo.de\/mahlzeitendienst\/so-funktionierts\/","name":"So funktioniert's - menueService Bochum - Essen auf R\u00e4dern -","isPartOf":{"@id":"https:\/\/mahlzeitendienst-bo.de\/mahlzeitendienst\/#website"},"datePublished":"2022-09-14T08:29:24+00:00","dateModified":"2023-07-28T13:20:49+00:00","breadcrumb":{"@id":"https:\/\/mahlzeitendienst-bo.de\/mahlzeitendienst\/so-funktionierts\/#breadcrumb"},"inLanguage":"de","potentialAction":[{"@type":"ReadAction","target":["https:\/\/mahlzeitendienst-bo.de\/mahlzeitendienst\/so-funktionierts\/"]}]},{"@type":"BreadcrumbList","@id":"https:\/\/mahlzeitendienst-bo.de\/mahlzeitendienst\/so-funktionierts\/#breadcrumb","itemListElement":[{"@type":"ListItem","position":1,"name":"Startseite","item":"https:\/\/mahlzeitendienst-bo.de\/mahlzeitendienst\/"},{"@type":"ListItem","position":2,"name":"So funktioniert&#8217;s"}]},{"@type":"WebSite","@id":"https:\/\/mahlzeitendienst-bo.de\/mahlzeitendienst\/#website","url":"https:\/\/mahlzeitendienst-bo.de\/mahlzeitendienst\/","name":"menueService Bochum - Essen auf R\u00e4dern -","description":"","publisher":{"@id":"https:\/\/mahlzeitendienst-bo.de\/mahlzeitendienst\/#organization"},"potentialAction":[{"@type":"SearchAction","target":{"@type":"EntryPoint","urlTemplate":"https:\/\/mahlzeitendienst-bo.de\/mahlzeitendienst\/?s={search_term_string}"},"query-input":{"@type":"PropertyValueSpecification","valueRequired":true,"valueName":"search_term_string"}}],"inLanguage":"de"},{"@type":"Organization","@id":"https:\/\/mahlzeitendienst-bo.de\/mahlzeitendienst\/#organization","name":"menueService Bochum - Essen auf R\u00e4dern -","url":"https:\/\/mahlzeitendienst-bo.de\/mahlzeitendienst\/","logo":{"@type":"ImageObject","inLanguage":"de","@id":"https:\/\/mahlzeitendienst-bo.de\/mahlzeitendienst\/#\/schema\/logo\/image\/","url":"https:\/\/mahlzeitendienst-bo.de\/wp-content\/uploads\/2026\/01\/cropped-Website-Logo-EAR-1.png","contentUrl":"https:\/\/mahlzeitendienst-bo.de\/wp-content\/uploads\/2026\/01\/cropped-Website-Logo-EAR-1.png","width":600,"height":514,"caption":"menueService Bochum - Essen auf R\u00e4dern -"},"image":{"@id":"https:\/\/mahlzeitendienst-bo.de\/mahlzeitendienst\/#\/schema\/logo\/image\/"}}]}},"_links":{"self":[{"href":"https:\/\/mahlzeitendienst-bo.de\/mahlzeitendienst\/wp-json\/wp\/v2\/pages\/511","targetHints":{"allow":["GET"]}}],"collection":[{"href":"https:\/\/mahlzeitendienst-bo.de\/mahlzeitendienst\/wp-json\/wp\/v2\/pages"}],"about":[{"href":"https:\/\/mahlzeitendienst-bo.de\/mahlzeitendienst\/wp-json\/wp\/v2\/types\/page"}],"author":[{"embeddable":true,"href":"https:\/\/mahlzeitendienst-bo.de\/mahlzeitendienst\/wp-json\/wp\/v2\/users\/1"}],"replies":[{"embeddable":true,"href":"https:\/\/mahlzeitendienst-bo.de\/mahlzeitendienst\/wp-json\/wp\/v2\/comments?post=511"}],"version-history":[{"count":50,"href":"https:\/\/mahlzeitendienst-bo.de\/mahlzeitendienst\/wp-json\/wp\/v2\/pages\/511\/revisions"}],"predecessor-version":[{"id":1249,"href":"https:\/\/mahlzeitendienst-bo.de\/mahlzeitendienst\/wp-json\/wp\/v2\/pages\/511\/revisions\/1249"}],"wp:attachment":[{"href":"https:\/\/mahlzeitendienst-bo.de\/mahlzeitendienst\/wp-json\/wp\/v2\/media?parent=511"}],"curies":[{"name":"wp","href":"https:\/\/api.w.org\/{rel}","templated":true}]}}