{"id":75,"date":"2022-07-23T16:13:45","date_gmt":"2022-07-23T14:13:45","guid":{"rendered":"http:\/\/website.mahlzeitendienst-bo.de\/?page_id=75"},"modified":"2023-06-30T17:34:56","modified_gmt":"2023-06-30T15:34:56","slug":"spenden","status":"publish","type":"page","link":"https:\/\/mahlzeitendienst-bo.de\/mahlzeitendienst\/spenden\/","title":{"rendered":"Men\u00fcpatenschaften"},"content":{"rendered":"<div  data-label=\"Content\" data-id=\"content--1\" data-export-id=\"content-12\" data-category=\"content\" class=\"content-12 content-section content-section-spacing\" id=\"content-1\" style=\"background-color: rgb(255, 255, 255);\"><div  class=\"gridContainer\"> <div  class=\"row text-center\"><div  class=\"section-title-col\" data-type=\"column\"> <h2  class=\"\" style=\"text-align: center;\">Essen darf kein Luxus sein!<\/h2> <p  class=\"lead\" style=\"text-align: left;\"><span  style=\"font-weight: 700;\"><br >Ein Herzens-Projekt der Familien- und Krankenpflege Bochum\n<br ><br >\n<\/span>Im Juli 2022 hat das Statistische Bundesamt die neuen Zahlen f\u00fcr die Armutsgef\u00e4hrdung in Deutschland ver\u00f6ffentlicht. Bundesweit sind mittlerweile 17,4 Prozent der \u00fcber 65-J\u00e4hrigen von Armut betroffen. In NRW, dem bev\u00f6lkerungsreichsten Bundesland sind 18,7 Prozent der Rentnerinnen und Rentner nicht in der Lage, f\u00fcr ihre t\u00e4glichen Bed\u00fcrfnisse aufzukommen.<br >\n\n<br >In unserem t\u00e4glichen beruflichen Umgang mit \u00e4lteren und hilfebed\u00fcrftigen Menschen, m\u00fcssen wir immer wieder die Erfahrung machen, dass Menschen sich beispielweise zwischen einer neuen Matratze oder einem warmen Mittagessen entscheiden m\u00fcssen, dass Ehepaare sich gemeinsam eine kleine Mahlzeit teilen um weiterhin in der Lage zu sein, die Miete und Nebenkosten zahlen zu k\u00f6nnen.\n<br ><br >\nNahrung ist nicht nur ein Grundbed\u00fcrfnis! Mangelern\u00e4hrung f\u00fchrt bei Seniorinnen und Senioren schnell zu einer Unterversorgung mit wichtigen N\u00e4hrstoffen, Gewichtsverlust, Schw\u00e4che und Infektanf\u00e4lligkeit. Mit steigendem Alter nimmt der Anteil der Betroffenen zu. Eine t\u00e4gliche, frisch zubereitete, warme Mahlzeit kann den seelischen und physischen Zustand eines \u00e4lteren Menschen ohne gro\u00dfen Aufwand positiv beeinflussen. Und dies darf einfach keine Frage des Geldes sein.\n<br ><br >\nAus diesem Grund haben wir uns daf\u00fcr entschieden, bed\u00fcrftigen Seniorinnen und Senioren t\u00e4glich eine warme Mahlzeit zu spenden. Alleine durch interne Spenden im vergangenen Dezember konnten \u00fcber 1.000,- EURO erzielt werden, mit denen wir hilfebed\u00fcrftigen Kundinnen und Kunden eine warme Mahlzeit zukommen lassen konnten.\n<br ><br >\n<span  style=\"font-weight: 700;\">Werden auch Sie ein Teil unseres Herzens Projektes! Unterst\u00fctzen Sie uns mit einer kleinen Spende, denn jeder Euro z\u00e4hlt.<\/span>\n<br ><br >\n<span  style=\"font-weight: 700;\">Herzlichen Dank!<\/span>\n<br ><br >\nFamilien- und Krankenpflege Bochum gGmbH<br >\nBank f\u00fcr Sozialwirtschaft<br >\nVerwendungszweck: Men\u00fcpaten<br >\nIban: DE40 3702 0500 0007 2263 00<br >\nBIC: BFSWDE33XX<\/p><img  decoding=\"async\" class=\"custom-image\" src=\"http:\/\/website.mahlzeitendienst-bo.de\/wp-content\/uploads\/2023\/03\/cropped-AdobeStock_209282162.jpeg\" title=\"Elderly woman eats buckwheat porridge sitting at the table.\" alt=\"\"><img decoding=\"async\"  class=\"custom-image\" src=\"http:\/\/mahlzeitendienst-bo.de\/wp-content\/uploads\/2023\/03\/cropped-AdobeStock_209282162.jpeg\" title=\"\u00c4ltere Dame sitzt am Tisch und isst Brei aus Buchweizen.\" alt=\"\"><\/div> <\/div> <div  class=\"row center-xs middle-xs\"> <div  class=\"col-sm-9\" data-type=\"column\"><a  data-cp-link=\"1\" href=\"#\" class=\"\"><img  decoding=\"async\" class=\"custom-image\" src=\"http:\/\/website.mahlzeitendienst-bo.de\/wp-content\/uploads\/2023\/02\/cropped-cropped-Menuepaten.png\" title=\"cropped-cropped-Menuepaten.png\" alt=\"\"><\/a> <\/div> <\/div><\/div> <\/div>","protected":false},"excerpt":{"rendered":"<p>Essen darf kein Luxus sein! Ein Herzens-Projekt der Familien- und Krankenpflege Bochum Im Juli 2022 hat das Statistische Bundesamt die neuen Zahlen f\u00fcr die Armutsgef\u00e4hrdung in Deutschland ver\u00f6ffentlicht. Bundesweit sind mittlerweile 17,4 Prozent der \u00fcber 65-J\u00e4hrigen von Armut betroffen. In NRW, dem bev\u00f6lkerungsreichsten Bundesland sind 18,7 Prozent der Rentnerinnen und Rentner nicht in der Lage,&hellip; <br \/> <a class=\"read-more\" href=\"https:\/\/mahlzeitendienst-bo.de\/mahlzeitendienst\/spenden\/\">Weiterlesen<\/a><\/p>\n","protected":false},"author":1,"featured_media":0,"parent":0,"menu_order":0,"comment_status":"closed","ping_status":"closed","template":"pro\/page-templates\/full-width-page.php","meta":{"footnotes":""},"class_list":["post-75","page","type-page","status-publish","hentry"],"yoast_head":"<!-- This site is optimized with the Yoast SEO plugin v25.5 - https:\/\/yoast.com\/wordpress\/plugins\/seo\/ -->\n<title>Men\u00fcpatenschaften - menueService Bochum - Essen auf R\u00e4dern -<\/title>\n<meta name=\"robots\" content=\"index, follow, max-snippet:-1, max-image-preview:large, max-video-preview:-1\" \/>\n<link rel=\"canonical\" href=\"https:\/\/mahlzeitendienst-bo.de\/mahlzeitendienst\/spenden\/\" \/>\n<meta property=\"og:locale\" content=\"de_DE\" \/>\n<meta property=\"og:type\" content=\"article\" \/>\n<meta property=\"og:title\" content=\"Men\u00fcpatenschaften - menueService Bochum - Essen auf R\u00e4dern -\" \/>\n<meta property=\"og:description\" content=\"Essen darf kein Luxus sein! Ein Herzens-Projekt der Familien- und Krankenpflege Bochum Im Juli 2022 hat das Statistische Bundesamt die neuen Zahlen f\u00fcr die Armutsgef\u00e4hrdung in Deutschland ver\u00f6ffentlicht. Bundesweit sind mittlerweile 17,4 Prozent der \u00fcber 65-J\u00e4hrigen von Armut betroffen. In NRW, dem bev\u00f6lkerungsreichsten Bundesland sind 18,7 Prozent der Rentnerinnen und Rentner nicht in der Lage,&hellip; Weiterlesen\" \/>\n<meta property=\"og:url\" content=\"https:\/\/mahlzeitendienst-bo.de\/mahlzeitendienst\/spenden\/\" \/>\n<meta property=\"og:site_name\" content=\"menueService Bochum - Essen auf R\u00e4dern -\" \/>\n<meta property=\"article:modified_time\" content=\"2023-06-30T15:34:56+00:00\" \/>\n<meta property=\"og:image\" content=\"http:\/\/website.mahlzeitendienst-bo.de\/wp-content\/uploads\/2023\/03\/cropped-AdobeStock_209282162.jpeg\" \/>\n<meta name=\"twitter:card\" content=\"summary_large_image\" \/>\n<meta name=\"twitter:label1\" content=\"Gesch\u00e4tzte Lesezeit\" \/>\n\t<meta name=\"twitter:data1\" content=\"1\u00a0Minute\" \/>\n<script type=\"application\/ld+json\" class=\"yoast-schema-graph\">{\"@context\":\"https:\/\/schema.org\",\"@graph\":[{\"@type\":\"WebPage\",\"@id\":\"https:\/\/mahlzeitendienst-bo.de\/mahlzeitendienst\/spenden\/\",\"url\":\"https:\/\/mahlzeitendienst-bo.de\/mahlzeitendienst\/spenden\/\",\"name\":\"Men\u00fcpatenschaften - menueService Bochum - Essen auf R\u00e4dern -\",\"isPartOf\":{\"@id\":\"https:\/\/mahlzeitendienst-bo.de\/mahlzeitendienst\/#website\"},\"primaryImageOfPage\":{\"@id\":\"https:\/\/mahlzeitendienst-bo.de\/mahlzeitendienst\/spenden\/#primaryimage\"},\"image\":{\"@id\":\"https:\/\/mahlzeitendienst-bo.de\/mahlzeitendienst\/spenden\/#primaryimage\"},\"thumbnailUrl\":\"http:\/\/website.mahlzeitendienst-bo.de\/wp-content\/uploads\/2023\/03\/cropped-AdobeStock_209282162.jpeg\",\"datePublished\":\"2022-07-23T14:13:45+00:00\",\"dateModified\":\"2023-06-30T15:34:56+00:00\",\"breadcrumb\":{\"@id\":\"https:\/\/mahlzeitendienst-bo.de\/mahlzeitendienst\/spenden\/#breadcrumb\"},\"inLanguage\":\"de\",\"potentialAction\":[{\"@type\":\"ReadAction\",\"target\":[\"https:\/\/mahlzeitendienst-bo.de\/mahlzeitendienst\/spenden\/\"]}]},{\"@type\":\"ImageObject\",\"inLanguage\":\"de\",\"@id\":\"https:\/\/mahlzeitendienst-bo.de\/mahlzeitendienst\/spenden\/#primaryimage\",\"url\":\"http:\/\/website.mahlzeitendienst-bo.de\/wp-content\/uploads\/2023\/03\/cropped-AdobeStock_209282162.jpeg\",\"contentUrl\":\"http:\/\/website.mahlzeitendienst-bo.de\/wp-content\/uploads\/2023\/03\/cropped-AdobeStock_209282162.jpeg\"},{\"@type\":\"BreadcrumbList\",\"@id\":\"https:\/\/mahlzeitendienst-bo.de\/mahlzeitendienst\/spenden\/#breadcrumb\",\"itemListElement\":[{\"@type\":\"ListItem\",\"position\":1,\"name\":\"Startseite\",\"item\":\"https:\/\/mahlzeitendienst-bo.de\/mahlzeitendienst\/\"},{\"@type\":\"ListItem\",\"position\":2,\"name\":\"Men\u00fcpatenschaften\"}]},{\"@type\":\"WebSite\",\"@id\":\"https:\/\/mahlzeitendienst-bo.de\/mahlzeitendienst\/#website\",\"url\":\"https:\/\/mahlzeitendienst-bo.de\/mahlzeitendienst\/\",\"name\":\"menueService Bochum - Essen auf R\u00e4dern -\",\"description\":\"\",\"publisher\":{\"@id\":\"https:\/\/mahlzeitendienst-bo.de\/mahlzeitendienst\/#organization\"},\"potentialAction\":[{\"@type\":\"SearchAction\",\"target\":{\"@type\":\"EntryPoint\",\"urlTemplate\":\"https:\/\/mahlzeitendienst-bo.de\/mahlzeitendienst\/?s={search_term_string}\"},\"query-input\":{\"@type\":\"PropertyValueSpecification\",\"valueRequired\":true,\"valueName\":\"search_term_string\"}}],\"inLanguage\":\"de\"},{\"@type\":\"Organization\",\"@id\":\"https:\/\/mahlzeitendienst-bo.de\/mahlzeitendienst\/#organization\",\"name\":\"menueService Bochum - Essen auf R\u00e4dern -\",\"url\":\"https:\/\/mahlzeitendienst-bo.de\/mahlzeitendienst\/\",\"logo\":{\"@type\":\"ImageObject\",\"inLanguage\":\"de\",\"@id\":\"https:\/\/mahlzeitendienst-bo.de\/mahlzeitendienst\/#\/schema\/logo\/image\/\",\"url\":\"https:\/\/mahlzeitendienst-bo.de\/wp-content\/uploads\/2026\/01\/cropped-Website-Logo-EAR-1.png\",\"contentUrl\":\"https:\/\/mahlzeitendienst-bo.de\/wp-content\/uploads\/2026\/01\/cropped-Website-Logo-EAR-1.png\",\"width\":600,\"height\":514,\"caption\":\"menueService Bochum - Essen auf R\u00e4dern -\"},\"image\":{\"@id\":\"https:\/\/mahlzeitendienst-bo.de\/mahlzeitendienst\/#\/schema\/logo\/image\/\"}}]}<\/script>\n<!-- \/ Yoast SEO plugin. -->","yoast_head_json":{"title":"Men\u00fcpatenschaften - menueService Bochum - Essen auf R\u00e4dern -","robots":{"index":"index","follow":"follow","max-snippet":"max-snippet:-1","max-image-preview":"max-image-preview:large","max-video-preview":"max-video-preview:-1"},"canonical":"https:\/\/mahlzeitendienst-bo.de\/mahlzeitendienst\/spenden\/","og_locale":"de_DE","og_type":"article","og_title":"Men\u00fcpatenschaften - menueService Bochum - Essen auf R\u00e4dern -","og_description":"Essen darf kein Luxus sein! Ein Herzens-Projekt der Familien- und Krankenpflege Bochum Im Juli 2022 hat das Statistische Bundesamt die neuen Zahlen f\u00fcr die Armutsgef\u00e4hrdung in Deutschland ver\u00f6ffentlicht. Bundesweit sind mittlerweile 17,4 Prozent der \u00fcber 65-J\u00e4hrigen von Armut betroffen. In NRW, dem bev\u00f6lkerungsreichsten Bundesland sind 18,7 Prozent der Rentnerinnen und Rentner nicht in der Lage,&hellip; Weiterlesen","og_url":"https:\/\/mahlzeitendienst-bo.de\/mahlzeitendienst\/spenden\/","og_site_name":"menueService Bochum - Essen auf R\u00e4dern -","article_modified_time":"2023-06-30T15:34:56+00:00","og_image":[{"url":"http:\/\/website.mahlzeitendienst-bo.de\/wp-content\/uploads\/2023\/03\/cropped-AdobeStock_209282162.jpeg","type":"","width":"","height":""}],"twitter_card":"summary_large_image","twitter_misc":{"Gesch\u00e4tzte Lesezeit":"1\u00a0Minute"},"schema":{"@context":"https:\/\/schema.org","@graph":[{"@type":"WebPage","@id":"https:\/\/mahlzeitendienst-bo.de\/mahlzeitendienst\/spenden\/","url":"https:\/\/mahlzeitendienst-bo.de\/mahlzeitendienst\/spenden\/","name":"Men\u00fcpatenschaften - menueService Bochum - Essen auf R\u00e4dern -","isPartOf":{"@id":"https:\/\/mahlzeitendienst-bo.de\/mahlzeitendienst\/#website"},"primaryImageOfPage":{"@id":"https:\/\/mahlzeitendienst-bo.de\/mahlzeitendienst\/spenden\/#primaryimage"},"image":{"@id":"https:\/\/mahlzeitendienst-bo.de\/mahlzeitendienst\/spenden\/#primaryimage"},"thumbnailUrl":"http:\/\/website.mahlzeitendienst-bo.de\/wp-content\/uploads\/2023\/03\/cropped-AdobeStock_209282162.jpeg","datePublished":"2022-07-23T14:13:45+00:00","dateModified":"2023-06-30T15:34:56+00:00","breadcrumb":{"@id":"https:\/\/mahlzeitendienst-bo.de\/mahlzeitendienst\/spenden\/#breadcrumb"},"inLanguage":"de","potentialAction":[{"@type":"ReadAction","target":["https:\/\/mahlzeitendienst-bo.de\/mahlzeitendienst\/spenden\/"]}]},{"@type":"ImageObject","inLanguage":"de","@id":"https:\/\/mahlzeitendienst-bo.de\/mahlzeitendienst\/spenden\/#primaryimage","url":"http:\/\/website.mahlzeitendienst-bo.de\/wp-content\/uploads\/2023\/03\/cropped-AdobeStock_209282162.jpeg","contentUrl":"http:\/\/website.mahlzeitendienst-bo.de\/wp-content\/uploads\/2023\/03\/cropped-AdobeStock_209282162.jpeg"},{"@type":"BreadcrumbList","@id":"https:\/\/mahlzeitendienst-bo.de\/mahlzeitendienst\/spenden\/#breadcrumb","itemListElement":[{"@type":"ListItem","position":1,"name":"Startseite","item":"https:\/\/mahlzeitendienst-bo.de\/mahlzeitendienst\/"},{"@type":"ListItem","position":2,"name":"Men\u00fcpatenschaften"}]},{"@type":"WebSite","@id":"https:\/\/mahlzeitendienst-bo.de\/mahlzeitendienst\/#website","url":"https:\/\/mahlzeitendienst-bo.de\/mahlzeitendienst\/","name":"menueService Bochum - Essen auf R\u00e4dern -","description":"","publisher":{"@id":"https:\/\/mahlzeitendienst-bo.de\/mahlzeitendienst\/#organization"},"potentialAction":[{"@type":"SearchAction","target":{"@type":"EntryPoint","urlTemplate":"https:\/\/mahlzeitendienst-bo.de\/mahlzeitendienst\/?s={search_term_string}"},"query-input":{"@type":"PropertyValueSpecification","valueRequired":true,"valueName":"search_term_string"}}],"inLanguage":"de"},{"@type":"Organization","@id":"https:\/\/mahlzeitendienst-bo.de\/mahlzeitendienst\/#organization","name":"menueService Bochum - Essen auf R\u00e4dern -","url":"https:\/\/mahlzeitendienst-bo.de\/mahlzeitendienst\/","logo":{"@type":"ImageObject","inLanguage":"de","@id":"https:\/\/mahlzeitendienst-bo.de\/mahlzeitendienst\/#\/schema\/logo\/image\/","url":"https:\/\/mahlzeitendienst-bo.de\/wp-content\/uploads\/2026\/01\/cropped-Website-Logo-EAR-1.png","contentUrl":"https:\/\/mahlzeitendienst-bo.de\/wp-content\/uploads\/2026\/01\/cropped-Website-Logo-EAR-1.png","width":600,"height":514,"caption":"menueService Bochum - Essen auf R\u00e4dern -"},"image":{"@id":"https:\/\/mahlzeitendienst-bo.de\/mahlzeitendienst\/#\/schema\/logo\/image\/"}}]}},"_links":{"self":[{"href":"https:\/\/mahlzeitendienst-bo.de\/mahlzeitendienst\/wp-json\/wp\/v2\/pages\/75","targetHints":{"allow":["GET"]}}],"collection":[{"href":"https:\/\/mahlzeitendienst-bo.de\/mahlzeitendienst\/wp-json\/wp\/v2\/pages"}],"about":[{"href":"https:\/\/mahlzeitendienst-bo.de\/mahlzeitendienst\/wp-json\/wp\/v2\/types\/page"}],"author":[{"embeddable":true,"href":"https:\/\/mahlzeitendienst-bo.de\/mahlzeitendienst\/wp-json\/wp\/v2\/users\/1"}],"replies":[{"embeddable":true,"href":"https:\/\/mahlzeitendienst-bo.de\/mahlzeitendienst\/wp-json\/wp\/v2\/comments?post=75"}],"version-history":[{"count":39,"href":"https:\/\/mahlzeitendienst-bo.de\/mahlzeitendienst\/wp-json\/wp\/v2\/pages\/75\/revisions"}],"predecessor-version":[{"id":1177,"href":"https:\/\/mahlzeitendienst-bo.de\/mahlzeitendienst\/wp-json\/wp\/v2\/pages\/75\/revisions\/1177"}],"wp:attachment":[{"href":"https:\/\/mahlzeitendienst-bo.de\/mahlzeitendienst\/wp-json\/wp\/v2\/media?parent=75"}],"curies":[{"name":"wp","href":"https:\/\/api.w.org\/{rel}","templated":true}]}}