{"id":82,"date":"2022-07-23T16:29:03","date_gmt":"2022-07-23T14:29:03","guid":{"rendered":"http:\/\/website.mahlzeitendienst-bo.de\/?page_id=82"},"modified":"2025-08-01T14:33:59","modified_gmt":"2025-08-01T12:33:59","slug":"impressum","status":"publish","type":"page","link":"https:\/\/mahlzeitendienst-bo.de\/mahlzeitendienst\/impressum\/","title":{"rendered":"Impressum"},"content":{"rendered":"<div  data-id=\"initial-content-section\" data-export-id=\"initial-content-section\" data-label=\"Initial Content\" id=\"initial-content-section\" class=\"content-section content-section-spacing\">\n   <div  class=\"gridContainer\">\n     <div  class=\"row\">\n\n        <div  class=\"col-xs-12 col-sm-12\">                <p ><\/p>\n<p ><span  style=\"font-family: &quot;Open Sans&quot;, arial, helvetica, sans-serif;\"><strong >Verantwortlich im Sinne des Presserechts<\/strong><\/span><\/p>\n<p ><\/p>\n<p ><\/p>\n<p ><span  style=\"font-family: &quot;Open Sans&quot;, arial, helvetica, sans-serif;\">Familien- und Krankenpflege Bochum gGmbH<\/span><br ><span  style=\"font-family: &quot;Open Sans&quot;, arial, helvetica, sans-serif;\">Paddenbett 13<\/span><br ><span  style=\"font-family: &quot;Open Sans&quot;, arial, helvetica, sans-serif;\">D-44803 Bochum<\/span><\/p>\n<p ><\/p>\n<p ><\/p>\n<p ><span  style=\"font-family: &quot;Open Sans&quot;, arial, helvetica, sans-serif;\"><strong >Gesch\u00e4ftsf\u00fchrung:<\/strong>&nbsp;Feras Daniel Hammad, Silke Jacobsen<\/span><br ><span  style=\"font-family: &quot;Open Sans&quot;, arial, helvetica, sans-serif;\"><strong >Telefon:<\/strong>&nbsp;0234 \u2013 307 96 0<\/span><br ><span  style=\"font-family: &quot;Open Sans&quot;, arial, helvetica, sans-serif;\"><strong >Telefax:<\/strong>&nbsp;0234 \u2013 307 96 20<\/span><br ><span  style=\"font-family: &quot;Open Sans&quot;, arial, helvetica, sans-serif;\"><strong >Mail:<\/strong>&nbsp;info@fundk-bochum.de<\/span><br ><span  style=\"font-family: &quot;Open Sans&quot;, arial, helvetica, sans-serif;\"><strong >Internet:<\/strong>&nbsp;www.fundk-bochum.de<\/span><br ><span  style=\"font-family: &quot;Open Sans&quot;, arial, helvetica, sans-serif;\"><strong >Registergericht:<\/strong>&nbsp;Amtsgericht Bochum<\/span><br ><span  style=\"font-family: &quot;Open Sans&quot;, arial, helvetica, sans-serif;\"><strong >Registernummer:<\/strong>&nbsp;Bochum HRB 6902<\/span><br ><span  style=\"font-family: &quot;Open Sans&quot;, arial, helvetica, sans-serif;\"><strong >Umsatzsteuer-ID:<\/strong>&nbsp;DE249567134<\/span><br ><span  style=\"font-family: &quot;Open Sans&quot;, arial, helvetica, sans-serif;\"><strong >Inhaltlich Verantwortliche gem\u00e4\u00df \u00a7 55 Abs. 2 RStV:<\/strong>&nbsp;Feras Daniel Hammad, Silke Jacobsen (Anschrift wie oben)<\/span><\/p>\n<p ><\/p>\n<p ><\/p>\n<p ><span  style=\"font-family: &quot;Open Sans&quot;, arial, helvetica, sans-serif;\"><strong >Redaktion:<\/strong><\/span><br ><span  style=\"font-family: &quot;Open Sans&quot;, arial, helvetica, sans-serif;\">Familien- und Krankenpflege Bochum, Unternehmenskommunikation<\/span><\/p>\n<p ><\/p>\n<p ><\/p>\n<p ><span  style=\"font-family: &quot;Open Sans&quot;, arial, helvetica, sans-serif;\"><strong >Bildrechte:<\/strong><\/span><\/p>\n<p ><\/p>\n<p ><\/p>\n<p ><span  style=\"font-family: &quot;Open Sans&quot;, arial, helvetica, sans-serif;\">Natalia Lisovskaya \u2013&nbsp;stock.adobe.com<\/span><\/p>\n<p ><\/p>\n<p ><\/p>\n<p ><span  style=\"font-family: &quot;Open Sans&quot;, arial, helvetica, sans-serif;\"><strong >Nutzungshinweise<\/strong><\/span><br ><span  style=\"font-family: &quot;Open Sans&quot;, arial, helvetica, sans-serif;\">Eine unerlaubte Verwendung, Reproduktion, Weitergabe, Ver\u00f6ffentlichungen oder eine kommerzielle Nutzung ohne Genehmigung des Urhebers der auf dieser Website und in den angebotenen Dateien befindlichen Inhalte sind untersagt und werden sowohl straf- als auch zivilrechtlich verfolgt. Eine Haftung f\u00fcr die Richtigkeit, Vollst\u00e4ndigkeit oder Aktualit\u00e4t der hier dargestellten Inhalte kann nicht \u00fcbernommen werden! Die Familien- und Krankenpflege Bochum gGmbH (Urheber), \u00fcbernimmt in keinem Fall eine Haftung f\u00fcr Sch\u00e4den, die durch den Gebrauch und die Rezeption dieser Website entstehen!<\/span><\/p>\n<p ><\/p>\n<p ><\/p>\n<p ><span  style=\"font-family: &quot;Open Sans&quot;, arial, helvetica, sans-serif;\"><strong >Haftungshinweis<\/strong><\/span><br ><span  style=\"font-family: &quot;Open Sans&quot;, arial, helvetica, sans-serif;\">Trotz sorgf\u00e4ltiger inhaltlicher Kontrolle \u00fcbernehmen wir keine Haftung f\u00fcr die Inhalte externer Links. F\u00fcr den Inhalt der verlinkten Seiten sind ausschlie\u00dflich deren Betreiber verantwortlich.<\/span><\/p>\n<p ><\/p>\n\n          <\/div>\n      <\/div>\n  <\/div>\n<\/div>","protected":false},"excerpt":{"rendered":"<p>Verantwortlich im Sinne des Presserechts Familien- und Krankenpflege Bochum gGmbHPaddenbett 13D-44803 Bochum Gesch\u00e4ftsf\u00fchrung:&nbsp;Feras Daniel Hammad, Silke JacobsenTelefon:&nbsp;0234 \u2013 307 96 0Telefax:&nbsp;0234 \u2013 307 96 20Mail:&nbsp;info@fundk-bochum.deInternet:&nbsp;www.fundk-bochum.deRegistergericht:&nbsp;Amtsgericht BochumRegisternummer:&nbsp;Bochum HRB 6902Umsatzsteuer-ID:&nbsp;DE249567134Inhaltlich Verantwortliche gem\u00e4\u00df \u00a7 55 Abs. 2 RStV:&nbsp;Feras Daniel Hammad, Silke Jacobsen (Anschrift wie oben) Redaktion:Familien- und Krankenpflege Bochum, Unternehmenskommunikation Bildrechte: Natalia Lisovskaya \u2013&nbsp;stock.adobe.com NutzungshinweiseEine unerlaubte Verwendung, Reproduktion,&hellip; <br \/> <a class=\"read-more\" href=\"https:\/\/mahlzeitendienst-bo.de\/mahlzeitendienst\/impressum\/\">Weiterlesen<\/a><\/p>\n","protected":false},"author":1,"featured_media":0,"parent":0,"menu_order":0,"comment_status":"closed","ping_status":"closed","template":"pro\/page-templates\/full-width-page.php","meta":{"footnotes":""},"class_list":["post-82","page","type-page","status-publish","hentry"],"yoast_head":"<!-- This site is optimized with the Yoast SEO plugin v25.5 - https:\/\/yoast.com\/wordpress\/plugins\/seo\/ -->\n<title>Impressum - menueService Bochum - Essen auf R\u00e4dern -<\/title>\n<meta name=\"robots\" content=\"index, follow, max-snippet:-1, max-image-preview:large, max-video-preview:-1\" \/>\n<link rel=\"canonical\" href=\"https:\/\/mahlzeitendienst-bo.de\/mahlzeitendienst\/impressum\/\" \/>\n<meta property=\"og:locale\" content=\"de_DE\" \/>\n<meta property=\"og:type\" content=\"article\" \/>\n<meta property=\"og:title\" content=\"Impressum - menueService Bochum - Essen auf R\u00e4dern -\" \/>\n<meta property=\"og:description\" content=\"Verantwortlich im Sinne des Presserechts Familien- und Krankenpflege Bochum gGmbHPaddenbett 13D-44803 Bochum Gesch\u00e4ftsf\u00fchrung:&nbsp;Feras Daniel Hammad, Silke JacobsenTelefon:&nbsp;0234 \u2013 307 96 0Telefax:&nbsp;0234 \u2013 307 96 20Mail:&nbsp;info@fundk-bochum.deInternet:&nbsp;www.fundk-bochum.deRegistergericht:&nbsp;Amtsgericht BochumRegisternummer:&nbsp;Bochum HRB 6902Umsatzsteuer-ID:&nbsp;DE249567134Inhaltlich Verantwortliche gem\u00e4\u00df \u00a7 55 Abs. 2 RStV:&nbsp;Feras Daniel Hammad, Silke Jacobsen (Anschrift wie oben) Redaktion:Familien- und Krankenpflege Bochum, Unternehmenskommunikation Bildrechte: Natalia Lisovskaya \u2013&nbsp;stock.adobe.com NutzungshinweiseEine unerlaubte Verwendung, Reproduktion,&hellip; Weiterlesen\" \/>\n<meta property=\"og:url\" content=\"https:\/\/mahlzeitendienst-bo.de\/mahlzeitendienst\/impressum\/\" \/>\n<meta property=\"og:site_name\" content=\"menueService Bochum - Essen auf R\u00e4dern -\" \/>\n<meta property=\"article:modified_time\" content=\"2025-08-01T12:33:59+00:00\" \/>\n<meta name=\"twitter:card\" content=\"summary_large_image\" \/>\n<meta name=\"twitter:label1\" content=\"Gesch\u00e4tzte Lesezeit\" \/>\n\t<meta name=\"twitter:data1\" content=\"1\u00a0Minute\" \/>\n<script type=\"application\/ld+json\" class=\"yoast-schema-graph\">{\"@context\":\"https:\/\/schema.org\",\"@graph\":[{\"@type\":\"WebPage\",\"@id\":\"https:\/\/mahlzeitendienst-bo.de\/mahlzeitendienst\/impressum\/\",\"url\":\"https:\/\/mahlzeitendienst-bo.de\/mahlzeitendienst\/impressum\/\",\"name\":\"Impressum - menueService Bochum - Essen auf R\u00e4dern -\",\"isPartOf\":{\"@id\":\"https:\/\/mahlzeitendienst-bo.de\/mahlzeitendienst\/#website\"},\"datePublished\":\"2022-07-23T14:29:03+00:00\",\"dateModified\":\"2025-08-01T12:33:59+00:00\",\"breadcrumb\":{\"@id\":\"https:\/\/mahlzeitendienst-bo.de\/mahlzeitendienst\/impressum\/#breadcrumb\"},\"inLanguage\":\"de\",\"potentialAction\":[{\"@type\":\"ReadAction\",\"target\":[\"https:\/\/mahlzeitendienst-bo.de\/mahlzeitendienst\/impressum\/\"]}]},{\"@type\":\"BreadcrumbList\",\"@id\":\"https:\/\/mahlzeitendienst-bo.de\/mahlzeitendienst\/impressum\/#breadcrumb\",\"itemListElement\":[{\"@type\":\"ListItem\",\"position\":1,\"name\":\"Startseite\",\"item\":\"https:\/\/mahlzeitendienst-bo.de\/mahlzeitendienst\/\"},{\"@type\":\"ListItem\",\"position\":2,\"name\":\"Impressum\"}]},{\"@type\":\"WebSite\",\"@id\":\"https:\/\/mahlzeitendienst-bo.de\/mahlzeitendienst\/#website\",\"url\":\"https:\/\/mahlzeitendienst-bo.de\/mahlzeitendienst\/\",\"name\":\"menueService Bochum - Essen auf R\u00e4dern -\",\"description\":\"\",\"publisher\":{\"@id\":\"https:\/\/mahlzeitendienst-bo.de\/mahlzeitendienst\/#organization\"},\"potentialAction\":[{\"@type\":\"SearchAction\",\"target\":{\"@type\":\"EntryPoint\",\"urlTemplate\":\"https:\/\/mahlzeitendienst-bo.de\/mahlzeitendienst\/?s={search_term_string}\"},\"query-input\":{\"@type\":\"PropertyValueSpecification\",\"valueRequired\":true,\"valueName\":\"search_term_string\"}}],\"inLanguage\":\"de\"},{\"@type\":\"Organization\",\"@id\":\"https:\/\/mahlzeitendienst-bo.de\/mahlzeitendienst\/#organization\",\"name\":\"menueService Bochum - Essen auf R\u00e4dern -\",\"url\":\"https:\/\/mahlzeitendienst-bo.de\/mahlzeitendienst\/\",\"logo\":{\"@type\":\"ImageObject\",\"inLanguage\":\"de\",\"@id\":\"https:\/\/mahlzeitendienst-bo.de\/mahlzeitendienst\/#\/schema\/logo\/image\/\",\"url\":\"https:\/\/mahlzeitendienst-bo.de\/wp-content\/uploads\/2026\/01\/cropped-Website-Logo-EAR-1.png\",\"contentUrl\":\"https:\/\/mahlzeitendienst-bo.de\/wp-content\/uploads\/2026\/01\/cropped-Website-Logo-EAR-1.png\",\"width\":600,\"height\":514,\"caption\":\"menueService Bochum - Essen auf R\u00e4dern -\"},\"image\":{\"@id\":\"https:\/\/mahlzeitendienst-bo.de\/mahlzeitendienst\/#\/schema\/logo\/image\/\"}}]}<\/script>\n<!-- \/ Yoast SEO plugin. -->","yoast_head_json":{"title":"Impressum - menueService Bochum - Essen auf R\u00e4dern -","robots":{"index":"index","follow":"follow","max-snippet":"max-snippet:-1","max-image-preview":"max-image-preview:large","max-video-preview":"max-video-preview:-1"},"canonical":"https:\/\/mahlzeitendienst-bo.de\/mahlzeitendienst\/impressum\/","og_locale":"de_DE","og_type":"article","og_title":"Impressum - menueService Bochum - Essen auf R\u00e4dern -","og_description":"Verantwortlich im Sinne des Presserechts Familien- und Krankenpflege Bochum gGmbHPaddenbett 13D-44803 Bochum Gesch\u00e4ftsf\u00fchrung:&nbsp;Feras Daniel Hammad, Silke JacobsenTelefon:&nbsp;0234 \u2013 307 96 0Telefax:&nbsp;0234 \u2013 307 96 20Mail:&nbsp;info@fundk-bochum.deInternet:&nbsp;www.fundk-bochum.deRegistergericht:&nbsp;Amtsgericht BochumRegisternummer:&nbsp;Bochum HRB 6902Umsatzsteuer-ID:&nbsp;DE249567134Inhaltlich Verantwortliche gem\u00e4\u00df \u00a7 55 Abs. 2 RStV:&nbsp;Feras Daniel Hammad, Silke Jacobsen (Anschrift wie oben) Redaktion:Familien- und Krankenpflege Bochum, Unternehmenskommunikation Bildrechte: Natalia Lisovskaya \u2013&nbsp;stock.adobe.com NutzungshinweiseEine unerlaubte Verwendung, Reproduktion,&hellip; Weiterlesen","og_url":"https:\/\/mahlzeitendienst-bo.de\/mahlzeitendienst\/impressum\/","og_site_name":"menueService Bochum - Essen auf R\u00e4dern -","article_modified_time":"2025-08-01T12:33:59+00:00","twitter_card":"summary_large_image","twitter_misc":{"Gesch\u00e4tzte Lesezeit":"1\u00a0Minute"},"schema":{"@context":"https:\/\/schema.org","@graph":[{"@type":"WebPage","@id":"https:\/\/mahlzeitendienst-bo.de\/mahlzeitendienst\/impressum\/","url":"https:\/\/mahlzeitendienst-bo.de\/mahlzeitendienst\/impressum\/","name":"Impressum - menueService Bochum - Essen auf R\u00e4dern -","isPartOf":{"@id":"https:\/\/mahlzeitendienst-bo.de\/mahlzeitendienst\/#website"},"datePublished":"2022-07-23T14:29:03+00:00","dateModified":"2025-08-01T12:33:59+00:00","breadcrumb":{"@id":"https:\/\/mahlzeitendienst-bo.de\/mahlzeitendienst\/impressum\/#breadcrumb"},"inLanguage":"de","potentialAction":[{"@type":"ReadAction","target":["https:\/\/mahlzeitendienst-bo.de\/mahlzeitendienst\/impressum\/"]}]},{"@type":"BreadcrumbList","@id":"https:\/\/mahlzeitendienst-bo.de\/mahlzeitendienst\/impressum\/#breadcrumb","itemListElement":[{"@type":"ListItem","position":1,"name":"Startseite","item":"https:\/\/mahlzeitendienst-bo.de\/mahlzeitendienst\/"},{"@type":"ListItem","position":2,"name":"Impressum"}]},{"@type":"WebSite","@id":"https:\/\/mahlzeitendienst-bo.de\/mahlzeitendienst\/#website","url":"https:\/\/mahlzeitendienst-bo.de\/mahlzeitendienst\/","name":"menueService Bochum - Essen auf R\u00e4dern -","description":"","publisher":{"@id":"https:\/\/mahlzeitendienst-bo.de\/mahlzeitendienst\/#organization"},"potentialAction":[{"@type":"SearchAction","target":{"@type":"EntryPoint","urlTemplate":"https:\/\/mahlzeitendienst-bo.de\/mahlzeitendienst\/?s={search_term_string}"},"query-input":{"@type":"PropertyValueSpecification","valueRequired":true,"valueName":"search_term_string"}}],"inLanguage":"de"},{"@type":"Organization","@id":"https:\/\/mahlzeitendienst-bo.de\/mahlzeitendienst\/#organization","name":"menueService Bochum - Essen auf R\u00e4dern -","url":"https:\/\/mahlzeitendienst-bo.de\/mahlzeitendienst\/","logo":{"@type":"ImageObject","inLanguage":"de","@id":"https:\/\/mahlzeitendienst-bo.de\/mahlzeitendienst\/#\/schema\/logo\/image\/","url":"https:\/\/mahlzeitendienst-bo.de\/wp-content\/uploads\/2026\/01\/cropped-Website-Logo-EAR-1.png","contentUrl":"https:\/\/mahlzeitendienst-bo.de\/wp-content\/uploads\/2026\/01\/cropped-Website-Logo-EAR-1.png","width":600,"height":514,"caption":"menueService Bochum - Essen auf R\u00e4dern -"},"image":{"@id":"https:\/\/mahlzeitendienst-bo.de\/mahlzeitendienst\/#\/schema\/logo\/image\/"}}]}},"_links":{"self":[{"href":"https:\/\/mahlzeitendienst-bo.de\/mahlzeitendienst\/wp-json\/wp\/v2\/pages\/82","targetHints":{"allow":["GET"]}}],"collection":[{"href":"https:\/\/mahlzeitendienst-bo.de\/mahlzeitendienst\/wp-json\/wp\/v2\/pages"}],"about":[{"href":"https:\/\/mahlzeitendienst-bo.de\/mahlzeitendienst\/wp-json\/wp\/v2\/types\/page"}],"author":[{"embeddable":true,"href":"https:\/\/mahlzeitendienst-bo.de\/mahlzeitendienst\/wp-json\/wp\/v2\/users\/1"}],"replies":[{"embeddable":true,"href":"https:\/\/mahlzeitendienst-bo.de\/mahlzeitendienst\/wp-json\/wp\/v2\/comments?post=82"}],"version-history":[{"count":9,"href":"https:\/\/mahlzeitendienst-bo.de\/mahlzeitendienst\/wp-json\/wp\/v2\/pages\/82\/revisions"}],"predecessor-version":[{"id":1323,"href":"https:\/\/mahlzeitendienst-bo.de\/mahlzeitendienst\/wp-json\/wp\/v2\/pages\/82\/revisions\/1323"}],"wp:attachment":[{"href":"https:\/\/mahlzeitendienst-bo.de\/mahlzeitendienst\/wp-json\/wp\/v2\/media?parent=82"}],"curies":[{"name":"wp","href":"https:\/\/api.w.org\/{rel}","templated":true}]}}